{"id":28577,"date":"2025-06-26T12:02:37","date_gmt":"2025-06-26T12:02:37","guid":{"rendered":"https:\/\/epixlife.com\/politique-en-matiere-de-cookies\/"},"modified":"2025-07-16T15:59:32","modified_gmt":"2025-07-16T15:59:32","slug":"politique-en-matiere-de-cookies","status":"publish","type":"page","link":"https:\/\/epixlife.com\/fr\/politique-en-matiere-de-cookies\/","title":{"rendered":"Politique en mati\u00e8re de cookies"},"content":{"rendered":"\t\t<div data-elementor-type=\"wp-page\" data-elementor-id=\"28577\" class=\"elementor elementor-28577 elementor-25898\" data-elementor-post-type=\"page\">\n\t\t\t\t<div class=\"elementor-element elementor-element-25e1b21 e-flex e-con-boxed e-con e-parent\" data-id=\"25e1b21\" data-element_type=\"container\">\n\t\t\t\t\t<div class=\"e-con-inner\">\n\t\t\t\t<div class=\"elementor-element elementor-element-157f47b elementor-widget elementor-widget-text-editor\" data-id=\"157f47b\" data-element_type=\"widget\" data-widget_type=\"text-editor.default\">\n\t\t\t\t<div class=\"elementor-widget-container\">\n\t\t\t\t\t\t\t\t\t<h1 class=\"styles_p_richtext__1FFDl\"><strong>Politique en mati\u00e8re de cookies<\/strong><\/h1><p class=\"styles_p_richtext__1FFDl\"><br>Notre site web https:\/\/www.epixlife.com (le \u00ab\u00a0site web\u00a0\u00bb) utilise une technologie appel\u00e9e \u00ab\u00a0cookies\u00a0\u00bb afin de pouvoir collecter des informations sur l&rsquo;utilisation du site web.<\/p><p class=\"styles_p_richtext__1FFDl\">Nous vous informons que nous pouvons utiliser des cookies afin de faciliter votre navigation sur le site web, de vous distinguer des autres utilisateurs, de vous offrir une meilleure exp\u00e9rience dans l&rsquo;utilisation du site web et d&rsquo;identifier les probl\u00e8mes afin d&rsquo;am\u00e9liorer notre site web. Nous pouvons \u00e9galement, avec votre consentement, utiliser des cookies pour nous permettre d&rsquo;en savoir plus sur vos pr\u00e9f\u00e9rences et de personnaliser notre site web en fonction de vos int\u00e9r\u00eats individuels. <\/p><p class=\"styles_p_richtext__1FFDl\">La pr\u00e9sente politique en mati\u00e8re de cookies a pour but de vous informer de mani\u00e8re claire et pr\u00e9cise sur les cookies utilis\u00e9s sur notre site web (la \u00ab\u00a0Politique en mati\u00e8re de cookies\u00a0\u00bb). Si vous souhaitez obtenir plus d&rsquo;informations sur les cookies que nous utilisons sur le Site, vous pouvez envoyer un e-mail \u00e0 l&rsquo;adresse suivante : hola@epixlife.com <\/p><p class=\"styles_p_richtext__1FFDl\"><b>Cookies<\/b><\/p><p class=\"styles_p_richtext__1FFDl\">Un cookie est un fichier qui est t\u00e9l\u00e9charg\u00e9 sur votre \u00e9quipement (ordinateur ou appareil mobile) dans le but de stocker des donn\u00e9es qui peuvent \u00eatre mises \u00e0 jour et r\u00e9cup\u00e9r\u00e9es par l&rsquo;entit\u00e9 responsable de son installation.<\/p><p class=\"styles_p_richtext__1FFDl\">Les informations collect\u00e9es par le biais des cookies peuvent inclure la date et l&rsquo;heure des visites sur le site web, les pages consult\u00e9es, le temps pass\u00e9 sur notre site web et les sites visit\u00e9s juste avant et juste apr\u00e8s le site web.<\/p><p class=\"styles_p_richtext__1FFDl\"><b>Type de cookies utilis\u00e9s sur le site web<\/b><\/p><p class=\"styles_p_richtext__1FFDl\">Notre site Internet utilise les cookies d\u00e9crits ci-dessous :<\/p><h4 class=\"reporttitle\"><strong>Cookies strictement n\u00e9cessaires  <\/strong><\/h4><table class=\"reporttable table\"><thead><tr><th>Cl\u00e9 de cookie<\/th><th>Domaine<\/th><th>Chemin d&rsquo;acc\u00e8s<\/th><th>Type de cookie<\/th><th>Expiration<\/th><th>Description<\/th><\/tr><\/thead><tbody><tr><td data-label=\"Cookie key\"><p>__cf_bm<\/p><\/td><td data-label=\"Domain\">.hubspot.com<\/td><td data-label=\"Path\">\/<\/td><td data-label=\"Cookie type\">Tiers<\/td><td data-label=\"Expiration\">30 minutes<\/td><td class=\"repdesc\" data-label=\"Description\">Ce cookie est utilis\u00e9 pour faire la distinction entre les humains et les robots. Cela permet au site web d&rsquo;\u00e9tablir des rapports valables sur l&rsquo;utilisation de son site web. <\/td><\/tr><tr class=\"firstfoundrow\"><td colspan=\"6\"> <\/td><\/tr><\/tbody><\/table><h4 class=\"reporttitle\"><strong>Cookies de performance  <\/strong><\/h4><table class=\"reporttable table\"><thead><tr><th>Cl\u00e9 de cookie<\/th><th>Domaine<\/th><th>Chemin d&rsquo;acc\u00e8s<\/th><th>Type de cookie<\/th><th>Expiration<\/th><th>Description<\/th><\/tr><\/thead><tbody><tr><td data-label=\"Cookie key\"><p>_gid<\/p><\/td><td data-label=\"Domain\">.epixlife.com<\/td><td data-label=\"Path\">\/<\/td><td data-label=\"Cookie type\">Premi\u00e8re partie<\/td><td data-label=\"Expiration\">1 jour<\/td><td class=\"repdesc\" data-label=\"Description\">Ce cookie est d\u00e9fini par Google Analytics. Il stocke et met \u00e0 jour une valeur unique pour chaque page visit\u00e9e et est utilis\u00e9 pour compter et suivre les pages vues. <\/td><\/tr><tr class=\"firstfoundrow\"><td colspan=\"6\"> <\/td><\/tr><tr><td data-label=\"Cookie key\">__hstc<br><a class=\"morecookieinfo\" data-toggle=\"collapse\" data-target=\"#showlink2517704\" aria-expanded=\"false\" aria-controls=\"#showlink2517704\">Plus d&rsquo;informations<\/a><\/td><td data-label=\"Domain\">.epixlife.com<\/td><td data-label=\"Path\">\/<\/td><td data-label=\"Cookie type\">Premi\u00e8re partie<\/td><td data-label=\"Expiration\">6 mois<\/td><td class=\"repdesc\" data-label=\"Description\">Ce nom de cookie est associ\u00e9 aux sites web cr\u00e9\u00e9s sur la plateforme HubSpot. Ils indiquent qu&rsquo;il est utilis\u00e9 pour l&rsquo;analyse des sites web. <\/td><\/tr><tr class=\"firstfoundrow\"><td colspan=\"6\"> <\/td><\/tr><tr><td data-label=\"Cookie key\">_ga_BBNCPJ0173<br><a class=\"morecookieinfo\" data-toggle=\"collapse\" data-target=\"#showlink2517706\" aria-expanded=\"false\" aria-controls=\"#showlink2517706\">Plus d&rsquo;informations<\/a><\/td><td data-label=\"Domain\">.epixlife.com<\/td><td data-label=\"Path\">\/<\/td><td data-label=\"Cookie type\">Premi\u00e8re partie<\/td><td data-label=\"Expiration\">1 an 1 mois<\/td><td class=\"repdesc\" data-label=\"Description\">Google Analytics utilise ce cookie pour maintenir l&rsquo;\u00e9tat de la session.<\/td><\/tr><tr class=\"firstfoundrow\"><td colspan=\"6\"> <\/td><\/tr><tr><td data-label=\"Cookie key\">__hssrc<br><a class=\"morecookieinfo\" data-toggle=\"collapse\" data-target=\"#showlink2517711\" aria-expanded=\"false\" aria-controls=\"#showlink2517711\">Plus d&rsquo;informations<\/a><\/td><td data-label=\"Domain\">.epixlife.com<\/td><td data-label=\"Path\">\/<\/td><td data-label=\"Cookie type\">Premi\u00e8re partie<\/td><td data-label=\"Expiration\">Session<\/td><td class=\"repdesc\" data-label=\"Description\">Ce nom de cookie est associ\u00e9 aux sites web cr\u00e9\u00e9s sur la plateforme HubSpot. Ils indiquent qu&rsquo;il est utilis\u00e9 pour l&rsquo;analyse des sites web. <\/td><\/tr><tr class=\"firstfoundrow\"><td colspan=\"6\"> <\/td><\/tr><tr><td data-label=\"Cookie key\"><br><a class=\"morecookieinfo\" data-toggle=\"collapse\" data-target=\"#showlink2517712\" aria-expanded=\"false\" aria-controls=\"#showlink2517712\">Plus d&rsquo;informations<\/a><\/td><td data-label=\"Domain\">.epixlife.com<\/td><td data-label=\"Path\">\/<\/td><td data-label=\"Cookie type\">Premi\u00e8re partie<\/td><td data-label=\"Expiration\">1 an 1 mois<\/td><td class=\"repdesc\" data-label=\"Description\">Ce nom de cookie est associ\u00e9 \u00e0 Google Universal Analytics, qui est une mise \u00e0 jour importante du service d&rsquo;analyse le plus utilis\u00e9 de Google. Ce cookie est utilis\u00e9 pour distinguer les utilisateurs uniques en attribuant un num\u00e9ro g\u00e9n\u00e9r\u00e9 de mani\u00e8re al\u00e9atoire comme identifiant du client. Il est inclus dans chaque page demand\u00e9e sur un site et est utilis\u00e9 pour calculer les donn\u00e9es relatives aux visiteurs, aux sessions et aux campagnes pour les rapports d&rsquo;analyse du site.  <\/td><\/tr><tr class=\"firstfoundrow\"><td colspan=\"6\"> <\/td><\/tr><tr><td data-label=\"Cookie key\"><p>_ga_6WFZRPFGVD<\/p><\/td><td data-label=\"Domain\">.epixlife.com<\/td><td data-label=\"Path\">\/<\/td><td data-label=\"Cookie type\">Premi\u00e8re partie<\/td><td data-label=\"Expiration\">1 an 1 mois<\/td><td class=\"repdesc\" data-label=\"Description\">Google Analytics utilise ce cookie pour maintenir le statut de la session.<\/td><\/tr><tr class=\"firstfoundrow\"><td colspan=\"6\"> <\/td><\/tr><tr><td data-label=\"Cookie key\"><p>__hssc<\/p><\/td><td data-label=\"Domain\">.epixlife.com<\/td><td data-label=\"Path\">\/<\/td><td data-label=\"Cookie type\">Premi\u00e8re partie<\/td><td data-label=\"Expiration\">30 minutes<\/td><td class=\"repdesc\" data-label=\"Description\">Ce nom de cookie est associ\u00e9 aux sites web cr\u00e9\u00e9s sur la plateforme HubSpot. Ils indiquent qu&rsquo;il est utilis\u00e9 pour l&rsquo;analyse des sites web. <\/td><\/tr><tr class=\"firstfoundrow\"><td colspan=\"6\"> <\/td><\/tr><\/tbody><\/table><h4 class=\"reporttitle\"><strong>Cookies de pr\u00e9f\u00e9rence  <\/strong><\/h4><table class=\"reporttable table\"><thead><tr><th>Cl\u00e9 de cookie<\/th><th>Domaine<\/th><th>Chemin d&rsquo;acc\u00e8s<\/th><th>Type de cookie<\/th><th>Expiration<\/th><th>Description<\/th><\/tr><\/thead><tbody><tr><td data-label=\"Cookie key\"><p>CSY<\/p><\/td><td data-label=\"Domain\">.youtube.com<\/td><td data-label=\"Path\">\/<\/td><td data-label=\"Cookie type\">Tiers<\/td><td data-label=\"Expiration\">Session<\/td><td class=\"repdesc\" data-label=\"Description\">YouTube place ce cookie pour suivre les vues des vid\u00e9os int\u00e9gr\u00e9es.<\/td><\/tr><tr class=\"firstfoundrow\"><td colspan=\"6\"> <\/td><\/tr><tr><td data-label=\"Cookie key\"><p>VISITOR_INFO1_LIVE<\/p><\/td><td data-label=\"Domain\">.youtube.com<\/td><td data-label=\"Path\">\/<\/td><td data-label=\"Cookie type\">Tiers<\/td><td data-label=\"Expiration\">6 mois<\/td><td class=\"repdesc\" data-label=\"Description\">Youtube place ce cookie pour suivre les pr\u00e9f\u00e9rences de l&rsquo;utilisateur pour les vid\u00e9os Youtube int\u00e9gr\u00e9es sur les sites ; il peut \u00e9galement d\u00e9terminer si le visiteur du site utilise la nouvelle ou l&rsquo;ancienne version de l&rsquo;interface de Youtube.<\/td><\/tr><tr class=\"firstfoundrow\"><td colspan=\"6\"> <\/td><\/tr><tr><td data-label=\"Cookie key\"><p>_gat_gtag_UA_175257458_1<\/p><\/td><td data-label=\"Domain\">.epixlife.com<\/td><td data-label=\"Path\">\/<\/td><td data-label=\"Cookie type\">Premi\u00e8re partie<\/td><td data-label=\"Expiration\">1 minute<\/td><td class=\"repdesc\" data-label=\"Description\">Ce cookie fait partie de Google Analytics et est utilis\u00e9 pour limiter les demandes (taux d&rsquo;acc\u00e9l\u00e9ration des demandes).<\/td><\/tr><tr class=\"firstfoundrow\"><td colspan=\"6\"> <\/td><\/tr><tr><td data-label=\"Cookie key\"><p>_fbp<\/p><\/td><td data-label=\"Domain\">.epixlife.com<\/td><td data-label=\"Path\">\/<\/td><td data-label=\"Cookie type\">Premi\u00e8re partie<\/td><td data-label=\"Expiration\">3 mois<\/td><td class=\"repdesc\" data-label=\"Description\">Utilis\u00e9 par Facebook pour offrir une gamme de produits publicitaires, tels que des offres en temps r\u00e9el d&rsquo;annonceurs externes.<\/td><\/tr><tr class=\"firstfoundrow\"><td colspan=\"6\"> <\/td><\/tr><\/tbody><\/table><h4 class=\"reporttitle\"><strong>Cookies de fonctionnalit\u00e9  <\/strong><\/h4><table class=\"reporttable table\"><thead><tr><th>Cl\u00e9 de cookie<\/th><th>Domaine<\/th><th>Chemin d&rsquo;acc\u00e8s<\/th><th>Type de cookie<\/th><th>Expiration<\/th><th>Description<\/th><\/tr><\/thead><tbody><tr><td data-label=\"Cookie key\">hubspotutk<br><a class=\"morecookieinfo\" data-toggle=\"collapse\" data-target=\"#showlink2517714\" aria-expanded=\"false\" aria-controls=\"#showlink2517714\">Plus d&rsquo;informations<\/a><\/td><td data-label=\"Domain\">.epixlife.com<\/td><td data-label=\"Path\">\/<\/td><td data-label=\"Cookie type\">Premi\u00e8re partie<\/td><td data-label=\"Expiration\">6 mois<\/td><td class=\"repdesc\" data-label=\"Description\">Ce nom de cookie est associ\u00e9 aux sites web cr\u00e9\u00e9s sur la plateforme HubSpot. HubSpot indique que son but est l&rsquo;authentification de l&rsquo;utilisateur. Comme il s&rsquo;agit d&rsquo;un cookie persistant plut\u00f4t que d&rsquo;un cookie de session, il ne peut pas \u00eatre consid\u00e9r\u00e9 comme strictement n\u00e9cessaire.  <\/td><\/tr><\/tbody><\/table><p class=\"styles_p_richtext__1FFDl\"><b>Consentement<\/b><\/p><p class=\"styles_p_richtext__1FFDl\">En naviguant et en continuant sur notre site Web, vous consentez \u00e0 l&rsquo;utilisation des cookies susmentionn\u00e9s, pour les p\u00e9riodes indiqu\u00e9es et dans les conditions contenues dans la pr\u00e9sente politique en mati\u00e8re de cookies.<\/p><p class=\"styles_p_richtext__1FFDl\"><b>D\u00e9sactiver et bloquer les cookies<\/b><\/p><p class=\"styles_p_richtext__1FFDl\">En tout \u00e9tat de cause, nous vous informons que les cookies n&rsquo;\u00e9tant pas n\u00e9cessaires \u00e0 l&rsquo;utilisation de notre site Web, vous pouvez les bloquer ou les d\u00e9sactiver en activant le param\u00e8tre de votre navigateur qui vous permet de refuser l&rsquo;installation de tous les cookies ou de certains d&rsquo;entre eux. La plupart des navigateurs vous permettent d&rsquo;\u00eatre averti de la pr\u00e9sence de cookies ou de les refuser automatiquement. Si vous les refusez, vous pouvez toujours utiliser notre site web, mais l&rsquo;utilisation de certains de ses services peut \u00eatre limit\u00e9e et votre exp\u00e9rience sur notre site web moins satisfaisante.  <\/p><p class=\"styles_p_richtext__1FFDl\"><b>Retirer mon consentement<\/b><\/p><p class=\"styles_p_richtext__1FFDl\">Si vous souhaitez retirer votre consentement \u00e0 la pr\u00e9sente politique en mati\u00e8re de cookies \u00e0 tout moment, vous devez supprimer les cookies stock\u00e9s sur votre \u00e9quipement (ordinateur ou appareil mobile) par le biais des param\u00e8tres et configurations de votre navigateur Internet.<\/p><p class=\"styles_p_richtext__1FFDl\">Pour plus d&rsquo;informations sur la suppression, la d\u00e9sactivation ou le blocage des cookies, veuillez consulter : http:\/\/www.aboutcookies.org\/Default.aspx?page=2<\/p><p class=\"styles_p_richtext__1FFDl\"><b>Modifier les param\u00e8tres et la configuration des cookies<\/b><\/p><p class=\"styles_p_richtext__1FFDl\">\u00c0 moins que vous n&rsquo;ayez modifi\u00e9 les param\u00e8tres de votre navigateur, notre syst\u00e8me cr\u00e9era des cookies d\u00e8s que vous visiterez notre site web. Veuillez noter que tous les navigateurs Internet vous permettent de modifier ces param\u00e8tres. Pour plus d&rsquo;informations sur la mani\u00e8re d&rsquo;ajuster vos param\u00e8tres de cookies dans les navigateurs suivants, nous vous renvoyons au lien correspondant :  <\/p><p class=\"styles_p_richtext__1FFDl\"><b>Internet Explorer :<\/b><\/p><p class=\"styles_p_richtext__1FFDl\">http:\/\/support.microsoft.com\/kb\/196955) http:\/\/support.microsoft.com\/kb\/283185 http:\/\/www.allaboutcookies.org\/manage-cookies\/internet-explorer7-plus.html http:\/\/www.allaboutcookies.org\/manage-cookies\/internet-explorer7-plus.html http:\/\/www.allaboutcookies.org\/manage-cookies\/internet-explorer8-plus.html http:\/\/www.allaboutcookies.org\/manage-cookies\/internet-explorer8-plus.html http:\/\/windows.microsoft.com\/is-IS\/windows7\/How-to-manage-cookies-in-Internet-Explorer-9<\/p><p class=\"styles_p_richtext__1FFDl\"><b>Firefox<\/b><\/p><p class=\"styles_p_richtext__1FFDl\">http:\/\/support.mozilla.org\/en-US\/kb\/Cookies<\/p><p class=\"styles_p_richtext__1FFDl\"><b>Chrome<\/b><\/p><p class=\"styles_p_richtext__1FFDl\">http:\/\/support.google.com\/chrome\/bin\/answer.py?hl=en&answer=95647<\/p><p class=\"styles_p_richtext__1FFDl\"><b>Safari<\/b><\/p><p class=\"styles_p_richtext__1FFDl\">http:\/\/support.apple.com\/kb\/PH5042 &#8211; http:\/\/support.apple.com\/kb\/HT1677<\/p><p class=\"styles_p_richtext__1FFDl\"><b>Modifications de la politique en mati\u00e8re de cookies<\/b><\/p><p class=\"styles_p_richtext__1FFDl\">Nous pouvons mettre \u00e0 jour la politique en mati\u00e8re de cookies sur notre site web, c&rsquo;est pourquoi nous vous recommandons de consulter cette politique chaque fois que vous acc\u00e9dez \u00e0 notre site web afin d&rsquo;\u00eatre correctement inform\u00e9 de la mani\u00e8re dont nous utilisons les cookies et de la raison pour laquelle nous les utilisons. La politique en mati\u00e8re de cookies a \u00e9t\u00e9 mise \u00e0 jour pour la derni\u00e8re fois le __16\/08\/2020.__. <\/p><p class=\"styles_p_richtext__1FFDl\"><b>Contact<\/b><\/p><p class=\"styles_p_richtext__1FFDl\">Si vous avez des questions, des commentaires ou des suggestions concernant la politique en mati\u00e8re de cookies, veuillez \u00e9crire \u00e0 : hola@epixlife.com<\/p>\t\t\t\t\t\t\t\t<\/div>\n\t\t\t\t<\/div>\n\t\t\t\t\t<\/div>\n\t\t\t\t<\/div>\n\t\t\t\t<\/div>\n\t\t","protected":false},"excerpt":{"rendered":"<p>Politique en mati\u00e8re de cookies Notre site web https:\/\/www.epixlife.com (le \u00ab\u00a0site web\u00a0\u00bb) utilise une technologie appel\u00e9e \u00ab\u00a0cookies\u00a0\u00bb afin de pouvoir collecter des informations sur l&rsquo;utilisation du site web. Nous vous informons que nous pouvons utiliser des cookies afin de faciliter votre navigation sur le site web, de vous distinguer des autres utilisateurs, de vous offrir [&hellip;]<\/p>\n","protected":false},"author":2,"featured_media":0,"parent":0,"menu_order":0,"comment_status":"closed","ping_status":"closed","template":"","meta":{"_acf_changed":false,"footnotes":""},"class_list":["post-28577","page","type-page","status-publish","hentry"],"acf":[],"yoast_head":"<!-- This site is optimized with the Yoast SEO plugin v25.5 - https:\/\/yoast.com\/wordpress\/plugins\/seo\/ -->\n<title>Politique en mati\u00e8re de cookies - Epixlife | Wellness Inspires Us<\/title>\n<meta name=\"robots\" content=\"index, follow, max-snippet:-1, max-image-preview:large, max-video-preview:-1\" \/>\n<link rel=\"canonical\" href=\"https:\/\/epixlife.com\/fr\/politique-en-matiere-de-cookies\/\" \/>\n<meta property=\"og:locale\" content=\"fr_FR\" \/>\n<meta property=\"og:type\" content=\"article\" \/>\n<meta property=\"og:title\" content=\"Politique en mati\u00e8re de cookies - Epixlife | Wellness Inspires Us\" \/>\n<meta property=\"og:description\" content=\"Politique en mati\u00e8re de cookies Notre site web https:\/\/www.epixlife.com (le \u00ab\u00a0site web\u00a0\u00bb) utilise une technologie appel\u00e9e \u00ab\u00a0cookies\u00a0\u00bb afin de pouvoir collecter des informations sur l&rsquo;utilisation du site web. Nous vous informons que nous pouvons utiliser des cookies afin de faciliter votre navigation sur le site web, de vous distinguer des autres utilisateurs, de vous offrir [&hellip;]\" \/>\n<meta property=\"og:url\" content=\"https:\/\/epixlife.com\/fr\/politique-en-matiere-de-cookies\/\" \/>\n<meta property=\"og:site_name\" content=\"Epixlife | Wellness Inspires Us\" \/>\n<meta property=\"article:publisher\" content=\"https:\/\/www.facebook.com\/epixlife\" \/>\n<meta property=\"article:modified_time\" content=\"2025-07-16T15:59:32+00:00\" \/>\n<meta name=\"twitter:card\" content=\"summary_large_image\" \/>\n<meta name=\"twitter:label1\" content=\"Dur\u00e9e de lecture estim\u00e9e\" \/>\n\t<meta name=\"twitter:data1\" content=\"6 minutes\" \/>\n<script type=\"application\/ld+json\" class=\"yoast-schema-graph\">{\"@context\":\"https:\/\/schema.org\",\"@graph\":[{\"@type\":\"WebPage\",\"@id\":\"https:\/\/epixlife.com\/fr\/politique-en-matiere-de-cookies\/\",\"url\":\"https:\/\/epixlife.com\/fr\/politique-en-matiere-de-cookies\/\",\"name\":\"Politique en mati\u00e8re de cookies - Epixlife | Wellness Inspires Us\",\"isPartOf\":{\"@id\":\"https:\/\/epixlife.com\/fr\/#website\"},\"datePublished\":\"2025-06-26T12:02:37+00:00\",\"dateModified\":\"2025-07-16T15:59:32+00:00\",\"breadcrumb\":{\"@id\":\"https:\/\/epixlife.com\/fr\/politique-en-matiere-de-cookies\/#breadcrumb\"},\"inLanguage\":\"fr-FR\",\"potentialAction\":[{\"@type\":\"ReadAction\",\"target\":[\"https:\/\/epixlife.com\/fr\/politique-en-matiere-de-cookies\/\"]}]},{\"@type\":\"BreadcrumbList\",\"@id\":\"https:\/\/epixlife.com\/fr\/politique-en-matiere-de-cookies\/#breadcrumb\",\"itemListElement\":[{\"@type\":\"ListItem\",\"position\":1,\"name\":\"Portada\",\"item\":\"https:\/\/epixlife.com\/fr\/\"},{\"@type\":\"ListItem\",\"position\":2,\"name\":\"Politique en mati\u00e8re de cookies\"}]},{\"@type\":\"WebSite\",\"@id\":\"https:\/\/epixlife.com\/fr\/#website\",\"url\":\"https:\/\/epixlife.com\/fr\/\",\"name\":\"Optimiza la expresi\u00f3n g\u00e9nica y bienestar celular | Epixlife\",\"description\":\"En Epixlife ayudamos a profesionales de la salud a nivel global a integrar la bioinformaci\u00f3n en sus consultas.\",\"publisher\":{\"@id\":\"https:\/\/epixlife.com\/fr\/#organization\"},\"potentialAction\":[{\"@type\":\"SearchAction\",\"target\":{\"@type\":\"EntryPoint\",\"urlTemplate\":\"https:\/\/epixlife.com\/fr\/?s={search_term_string}\"},\"query-input\":{\"@type\":\"PropertyValueSpecification\",\"valueRequired\":true,\"valueName\":\"search_term_string\"}}],\"inLanguage\":\"fr-FR\"},{\"@type\":\"Organization\",\"@id\":\"https:\/\/epixlife.com\/fr\/#organization\",\"name\":\"Epixlife\",\"url\":\"https:\/\/epixlife.com\/fr\/\",\"logo\":{\"@type\":\"ImageObject\",\"inLanguage\":\"fr-FR\",\"@id\":\"https:\/\/epixlife.com\/fr\/#\/schema\/logo\/image\/\",\"url\":\"https:\/\/epixlife.com\/wp-content\/uploads\/2025\/06\/epixlife-logo.png\",\"contentUrl\":\"https:\/\/epixlife.com\/wp-content\/uploads\/2025\/06\/epixlife-logo.png\",\"width\":1694,\"height\":1240,\"caption\":\"Epixlife\"},\"image\":{\"@id\":\"https:\/\/epixlife.com\/fr\/#\/schema\/logo\/image\/\"},\"sameAs\":[\"https:\/\/www.facebook.com\/epixlife\"]}]}<\/script>\n<!-- \/ Yoast SEO plugin. -->","yoast_head_json":{"title":"Politique en mati\u00e8re de cookies - Epixlife | Wellness Inspires Us","robots":{"index":"index","follow":"follow","max-snippet":"max-snippet:-1","max-image-preview":"max-image-preview:large","max-video-preview":"max-video-preview:-1"},"canonical":"https:\/\/epixlife.com\/fr\/politique-en-matiere-de-cookies\/","og_locale":"fr_FR","og_type":"article","og_title":"Politique en mati\u00e8re de cookies - Epixlife | Wellness Inspires Us","og_description":"Politique en mati\u00e8re de cookies Notre site web https:\/\/www.epixlife.com (le \u00ab\u00a0site web\u00a0\u00bb) utilise une technologie appel\u00e9e \u00ab\u00a0cookies\u00a0\u00bb afin de pouvoir collecter des informations sur l&rsquo;utilisation du site web. Nous vous informons que nous pouvons utiliser des cookies afin de faciliter votre navigation sur le site web, de vous distinguer des autres utilisateurs, de vous offrir [&hellip;]","og_url":"https:\/\/epixlife.com\/fr\/politique-en-matiere-de-cookies\/","og_site_name":"Epixlife | Wellness Inspires Us","article_publisher":"https:\/\/www.facebook.com\/epixlife","article_modified_time":"2025-07-16T15:59:32+00:00","twitter_card":"summary_large_image","twitter_misc":{"Dur\u00e9e de lecture estim\u00e9e":"6 minutes"},"schema":{"@context":"https:\/\/schema.org","@graph":[{"@type":"WebPage","@id":"https:\/\/epixlife.com\/fr\/politique-en-matiere-de-cookies\/","url":"https:\/\/epixlife.com\/fr\/politique-en-matiere-de-cookies\/","name":"Politique en mati\u00e8re de cookies - Epixlife | Wellness Inspires Us","isPartOf":{"@id":"https:\/\/epixlife.com\/fr\/#website"},"datePublished":"2025-06-26T12:02:37+00:00","dateModified":"2025-07-16T15:59:32+00:00","breadcrumb":{"@id":"https:\/\/epixlife.com\/fr\/politique-en-matiere-de-cookies\/#breadcrumb"},"inLanguage":"fr-FR","potentialAction":[{"@type":"ReadAction","target":["https:\/\/epixlife.com\/fr\/politique-en-matiere-de-cookies\/"]}]},{"@type":"BreadcrumbList","@id":"https:\/\/epixlife.com\/fr\/politique-en-matiere-de-cookies\/#breadcrumb","itemListElement":[{"@type":"ListItem","position":1,"name":"Portada","item":"https:\/\/epixlife.com\/fr\/"},{"@type":"ListItem","position":2,"name":"Politique en mati\u00e8re de cookies"}]},{"@type":"WebSite","@id":"https:\/\/epixlife.com\/fr\/#website","url":"https:\/\/epixlife.com\/fr\/","name":"Optimiza la expresi\u00f3n g\u00e9nica y bienestar celular | Epixlife","description":"En Epixlife ayudamos a profesionales de la salud a nivel global a integrar la bioinformaci\u00f3n en sus consultas.","publisher":{"@id":"https:\/\/epixlife.com\/fr\/#organization"},"potentialAction":[{"@type":"SearchAction","target":{"@type":"EntryPoint","urlTemplate":"https:\/\/epixlife.com\/fr\/?s={search_term_string}"},"query-input":{"@type":"PropertyValueSpecification","valueRequired":true,"valueName":"search_term_string"}}],"inLanguage":"fr-FR"},{"@type":"Organization","@id":"https:\/\/epixlife.com\/fr\/#organization","name":"Epixlife","url":"https:\/\/epixlife.com\/fr\/","logo":{"@type":"ImageObject","inLanguage":"fr-FR","@id":"https:\/\/epixlife.com\/fr\/#\/schema\/logo\/image\/","url":"https:\/\/epixlife.com\/wp-content\/uploads\/2025\/06\/epixlife-logo.png","contentUrl":"https:\/\/epixlife.com\/wp-content\/uploads\/2025\/06\/epixlife-logo.png","width":1694,"height":1240,"caption":"Epixlife"},"image":{"@id":"https:\/\/epixlife.com\/fr\/#\/schema\/logo\/image\/"},"sameAs":["https:\/\/www.facebook.com\/epixlife"]}]}},"_links":{"self":[{"href":"https:\/\/epixlife.com\/fr\/wp-json\/wp\/v2\/pages\/28577","targetHints":{"allow":["GET"]}}],"collection":[{"href":"https:\/\/epixlife.com\/fr\/wp-json\/wp\/v2\/pages"}],"about":[{"href":"https:\/\/epixlife.com\/fr\/wp-json\/wp\/v2\/types\/page"}],"author":[{"embeddable":true,"href":"https:\/\/epixlife.com\/fr\/wp-json\/wp\/v2\/users\/2"}],"replies":[{"embeddable":true,"href":"https:\/\/epixlife.com\/fr\/wp-json\/wp\/v2\/comments?post=28577"}],"version-history":[{"count":1,"href":"https:\/\/epixlife.com\/fr\/wp-json\/wp\/v2\/pages\/28577\/revisions"}],"predecessor-version":[{"id":28578,"href":"https:\/\/epixlife.com\/fr\/wp-json\/wp\/v2\/pages\/28577\/revisions\/28578"}],"wp:attachment":[{"href":"https:\/\/epixlife.com\/fr\/wp-json\/wp\/v2\/media?parent=28577"}],"curies":[{"name":"wp","href":"https:\/\/api.w.org\/{rel}","templated":true}]}}