{"id":6123,"date":"2025-06-10T07:06:48","date_gmt":"2025-06-10T07:06:48","guid":{"rendered":"https:\/\/epixlife.com\/demande-de-devis\/"},"modified":"2026-03-10T17:04:23","modified_gmt":"2026-03-10T17:04:23","slug":"reserver-visio","status":"publish","type":"page","link":"https:\/\/epixlife.com\/fr\/reserver-visio\/","title":{"rendered":"R\u00e9server une visio"},"content":{"rendered":"\t\t<div data-elementor-type=\"wp-page\" data-elementor-id=\"6123\" class=\"elementor elementor-6123 elementor-1178\" data-elementor-post-type=\"page\">\n\t\t\t\t<div class=\"elementor-element elementor-element-9e9449b e-flex e-con-boxed e-con e-parent\" data-id=\"9e9449b\" data-element_type=\"container\" data-settings=\"{&quot;background_background&quot;:&quot;gradient&quot;}\">\n\t\t\t\t\t<div class=\"e-con-inner\">\n\t\t<div class=\"elementor-element elementor-element-9b7cd87 e-con-full e-flex e-con e-child\" data-id=\"9b7cd87\" data-element_type=\"container\" data-settings=\"{&quot;background_background&quot;:&quot;classic&quot;}\">\n\t\t<div class=\"elementor-element elementor-element-d47a33a e-flex e-con-boxed e-con e-child\" data-id=\"d47a33a\" data-element_type=\"container\">\n\t\t\t\t\t<div class=\"e-con-inner\">\n\t\t\t\t<div class=\"elementor-element elementor-element-0a8bb88 elementor-widget elementor-widget-heading\" data-id=\"0a8bb88\" data-element_type=\"widget\" data-widget_type=\"heading.default\">\n\t\t\t\t<div class=\"elementor-widget-container\">\n\t\t\t\t\t<h1 class=\"elementor-heading-title elementor-size-default\">R\u00e9server une visio<\/h1>\t\t\t\t<\/div>\n\t\t\t\t<\/div>\n\t\t\t\t<div class=\"elementor-element elementor-element-1ae8938 elementor-widget elementor-widget-text-editor\" data-id=\"1ae8938\" data-element_type=\"widget\" data-widget_type=\"text-editor.default\">\n\t\t\t\t<div class=\"elementor-widget-container\">\n\t\t\t\t\t\t\t\t\t<p>Remplissez le formulaire et planifiez un appel vid\u00e9o avec l&rsquo;un de nos conseillers commerciaux.<\/p>\t\t\t\t\t\t\t\t<\/div>\n\t\t\t\t<\/div>\n\t\t\t\t\t<\/div>\n\t\t\t\t<\/div>\n\t\t\t\t<\/div>\n\t\t\t\t\t<\/div>\n\t\t\t\t<\/div>\n\t\t<div class=\"elementor-element elementor-element-59f2ffb e-flex e-con-boxed e-con e-parent\" data-id=\"59f2ffb\" data-element_type=\"container\" data-settings=\"{&quot;background_background&quot;:&quot;classic&quot;}\">\n\t\t\t\t\t<div class=\"e-con-inner\">\n\t\t<div class=\"elementor-element elementor-element-0da83da e-con-full e-flex e-con e-child\" data-id=\"0da83da\" data-element_type=\"container\">\n\t\t\t\t<div class=\"elementor-element elementor-element-7c5ecca elementor-widget elementor-widget-html\" data-id=\"7c5ecca\" data-element_type=\"widget\" data-widget_type=\"html.default\">\n\t\t\t\t<div class=\"elementor-widget-container\">\n\t\t\t\t\t<script src=\"https:\/\/js-eu1.hsforms.net\/forms\/embed\/139560383.js\" defer><\/script>\n<div class=\"hs-form-frame\" data-region=\"eu1\" data-form-id=\"396f97f5-8bf7-4ed5-af7c-85e9b87fc78e\" data-portal-id=\"139560383\"><\/div>\t\t\t\t<\/div>\n\t\t\t\t<\/div>\n\t\t\t\t<\/div>\n\t\t\t\t\t<\/div>\n\t\t\t\t<\/div>\n\t\t\t\t<\/div>\n\t\t","protected":false},"excerpt":{"rendered":"<p>R\u00e9server une visio Remplissez le formulaire et planifiez un appel vid\u00e9o avec l&rsquo;un de nos conseillers commerciaux.<\/p>\n","protected":false},"author":3,"featured_media":0,"parent":0,"menu_order":0,"comment_status":"closed","ping_status":"closed","template":"","meta":{"_acf_changed":false,"footnotes":""},"class_list":["post-6123","page","type-page","status-publish","hentry"],"acf":[],"yoast_head":"<!-- This site is optimized with the Yoast SEO plugin v25.5 - https:\/\/yoast.com\/wordpress\/plugins\/seo\/ -->\n<title>R\u00e9server une visio - Epixlife | Wellness Inspires Us<\/title>\n<meta name=\"robots\" content=\"index, follow, max-snippet:-1, max-image-preview:large, max-video-preview:-1\" \/>\n<link rel=\"canonical\" href=\"https:\/\/epixlife.com\/fr\/reserver-visio\/\" \/>\n<meta property=\"og:locale\" content=\"fr_FR\" \/>\n<meta property=\"og:type\" content=\"article\" \/>\n<meta property=\"og:title\" content=\"R\u00e9server une visio - Epixlife | Wellness Inspires Us\" \/>\n<meta property=\"og:description\" content=\"R\u00e9server une visio Remplissez le formulaire et planifiez un appel vid\u00e9o avec l&rsquo;un de nos conseillers commerciaux.\" \/>\n<meta property=\"og:url\" content=\"https:\/\/epixlife.com\/fr\/reserver-visio\/\" \/>\n<meta property=\"og:site_name\" content=\"Epixlife | Wellness Inspires Us\" \/>\n<meta property=\"article:publisher\" content=\"https:\/\/www.facebook.com\/epixlife\" \/>\n<meta property=\"article:modified_time\" content=\"2026-03-10T17:04:23+00:00\" \/>\n<meta name=\"twitter:card\" content=\"summary_large_image\" \/>\n<meta name=\"twitter:label1\" content=\"Dur\u00e9e de lecture estim\u00e9e\" \/>\n\t<meta name=\"twitter:data1\" content=\"1 minute\" \/>\n<script type=\"application\/ld+json\" class=\"yoast-schema-graph\">{\"@context\":\"https:\/\/schema.org\",\"@graph\":[{\"@type\":\"WebPage\",\"@id\":\"https:\/\/epixlife.com\/fr\/reserver-visio\/\",\"url\":\"https:\/\/epixlife.com\/fr\/reserver-visio\/\",\"name\":\"R\u00e9server une visio - Epixlife | Wellness Inspires Us\",\"isPartOf\":{\"@id\":\"https:\/\/epixlife.com\/fr\/#website\"},\"datePublished\":\"2025-06-10T07:06:48+00:00\",\"dateModified\":\"2026-03-10T17:04:23+00:00\",\"breadcrumb\":{\"@id\":\"https:\/\/epixlife.com\/fr\/reserver-visio\/#breadcrumb\"},\"inLanguage\":\"fr-FR\",\"potentialAction\":[{\"@type\":\"ReadAction\",\"target\":[\"https:\/\/epixlife.com\/fr\/reserver-visio\/\"]}]},{\"@type\":\"BreadcrumbList\",\"@id\":\"https:\/\/epixlife.com\/fr\/reserver-visio\/#breadcrumb\",\"itemListElement\":[{\"@type\":\"ListItem\",\"position\":1,\"name\":\"Portada\",\"item\":\"https:\/\/epixlife.com\/fr\/\"},{\"@type\":\"ListItem\",\"position\":2,\"name\":\"R\u00e9server une visio\"}]},{\"@type\":\"WebSite\",\"@id\":\"https:\/\/epixlife.com\/fr\/#website\",\"url\":\"https:\/\/epixlife.com\/fr\/\",\"name\":\"Optimiza la expresi\u00f3n g\u00e9nica y bienestar celular | Epixlife\",\"description\":\"En Epixlife ayudamos a profesionales de la salud a nivel global a integrar la bioinformaci\u00f3n en sus consultas.\",\"publisher\":{\"@id\":\"https:\/\/epixlife.com\/fr\/#organization\"},\"potentialAction\":[{\"@type\":\"SearchAction\",\"target\":{\"@type\":\"EntryPoint\",\"urlTemplate\":\"https:\/\/epixlife.com\/fr\/?s={search_term_string}\"},\"query-input\":{\"@type\":\"PropertyValueSpecification\",\"valueRequired\":true,\"valueName\":\"search_term_string\"}}],\"inLanguage\":\"fr-FR\"},{\"@type\":\"Organization\",\"@id\":\"https:\/\/epixlife.com\/fr\/#organization\",\"name\":\"Epixlife\",\"url\":\"https:\/\/epixlife.com\/fr\/\",\"logo\":{\"@type\":\"ImageObject\",\"inLanguage\":\"fr-FR\",\"@id\":\"https:\/\/epixlife.com\/fr\/#\/schema\/logo\/image\/\",\"url\":\"https:\/\/epixlife.com\/wp-content\/uploads\/2025\/06\/epixlife-logo.png\",\"contentUrl\":\"https:\/\/epixlife.com\/wp-content\/uploads\/2025\/06\/epixlife-logo.png\",\"width\":1694,\"height\":1240,\"caption\":\"Epixlife\"},\"image\":{\"@id\":\"https:\/\/epixlife.com\/fr\/#\/schema\/logo\/image\/\"},\"sameAs\":[\"https:\/\/www.facebook.com\/epixlife\"]}]}<\/script>\n<!-- \/ Yoast SEO plugin. -->","yoast_head_json":{"title":"R\u00e9server une visio - Epixlife | Wellness Inspires Us","robots":{"index":"index","follow":"follow","max-snippet":"max-snippet:-1","max-image-preview":"max-image-preview:large","max-video-preview":"max-video-preview:-1"},"canonical":"https:\/\/epixlife.com\/fr\/reserver-visio\/","og_locale":"fr_FR","og_type":"article","og_title":"R\u00e9server une visio - Epixlife | Wellness Inspires Us","og_description":"R\u00e9server une visio Remplissez le formulaire et planifiez un appel vid\u00e9o avec l&rsquo;un de nos conseillers commerciaux.","og_url":"https:\/\/epixlife.com\/fr\/reserver-visio\/","og_site_name":"Epixlife | Wellness Inspires Us","article_publisher":"https:\/\/www.facebook.com\/epixlife","article_modified_time":"2026-03-10T17:04:23+00:00","twitter_card":"summary_large_image","twitter_misc":{"Dur\u00e9e de lecture estim\u00e9e":"1 minute"},"schema":{"@context":"https:\/\/schema.org","@graph":[{"@type":"WebPage","@id":"https:\/\/epixlife.com\/fr\/reserver-visio\/","url":"https:\/\/epixlife.com\/fr\/reserver-visio\/","name":"R\u00e9server une visio - Epixlife | Wellness Inspires Us","isPartOf":{"@id":"https:\/\/epixlife.com\/fr\/#website"},"datePublished":"2025-06-10T07:06:48+00:00","dateModified":"2026-03-10T17:04:23+00:00","breadcrumb":{"@id":"https:\/\/epixlife.com\/fr\/reserver-visio\/#breadcrumb"},"inLanguage":"fr-FR","potentialAction":[{"@type":"ReadAction","target":["https:\/\/epixlife.com\/fr\/reserver-visio\/"]}]},{"@type":"BreadcrumbList","@id":"https:\/\/epixlife.com\/fr\/reserver-visio\/#breadcrumb","itemListElement":[{"@type":"ListItem","position":1,"name":"Portada","item":"https:\/\/epixlife.com\/fr\/"},{"@type":"ListItem","position":2,"name":"R\u00e9server une visio"}]},{"@type":"WebSite","@id":"https:\/\/epixlife.com\/fr\/#website","url":"https:\/\/epixlife.com\/fr\/","name":"Optimiza la expresi\u00f3n g\u00e9nica y bienestar celular | Epixlife","description":"En Epixlife ayudamos a profesionales de la salud a nivel global a integrar la bioinformaci\u00f3n en sus consultas.","publisher":{"@id":"https:\/\/epixlife.com\/fr\/#organization"},"potentialAction":[{"@type":"SearchAction","target":{"@type":"EntryPoint","urlTemplate":"https:\/\/epixlife.com\/fr\/?s={search_term_string}"},"query-input":{"@type":"PropertyValueSpecification","valueRequired":true,"valueName":"search_term_string"}}],"inLanguage":"fr-FR"},{"@type":"Organization","@id":"https:\/\/epixlife.com\/fr\/#organization","name":"Epixlife","url":"https:\/\/epixlife.com\/fr\/","logo":{"@type":"ImageObject","inLanguage":"fr-FR","@id":"https:\/\/epixlife.com\/fr\/#\/schema\/logo\/image\/","url":"https:\/\/epixlife.com\/wp-content\/uploads\/2025\/06\/epixlife-logo.png","contentUrl":"https:\/\/epixlife.com\/wp-content\/uploads\/2025\/06\/epixlife-logo.png","width":1694,"height":1240,"caption":"Epixlife"},"image":{"@id":"https:\/\/epixlife.com\/fr\/#\/schema\/logo\/image\/"},"sameAs":["https:\/\/www.facebook.com\/epixlife"]}]}},"_links":{"self":[{"href":"https:\/\/epixlife.com\/fr\/wp-json\/wp\/v2\/pages\/6123","targetHints":{"allow":["GET"]}}],"collection":[{"href":"https:\/\/epixlife.com\/fr\/wp-json\/wp\/v2\/pages"}],"about":[{"href":"https:\/\/epixlife.com\/fr\/wp-json\/wp\/v2\/types\/page"}],"author":[{"embeddable":true,"href":"https:\/\/epixlife.com\/fr\/wp-json\/wp\/v2\/users\/3"}],"replies":[{"embeddable":true,"href":"https:\/\/epixlife.com\/fr\/wp-json\/wp\/v2\/comments?post=6123"}],"version-history":[{"count":12,"href":"https:\/\/epixlife.com\/fr\/wp-json\/wp\/v2\/pages\/6123\/revisions"}],"predecessor-version":[{"id":31238,"href":"https:\/\/epixlife.com\/fr\/wp-json\/wp\/v2\/pages\/6123\/revisions\/31238"}],"wp:attachment":[{"href":"https:\/\/epixlife.com\/fr\/wp-json\/wp\/v2\/media?parent=6123"}],"curies":[{"name":"wp","href":"https:\/\/api.w.org\/{rel}","templated":true}]}}