{"id":28293,"date":"2025-06-26T12:02:37","date_gmt":"2025-06-26T12:02:37","guid":{"rendered":"https:\/\/epixlife.com\/politica-de-cookies\/"},"modified":"2025-07-22T08:20:01","modified_gmt":"2025-07-22T08:20:01","slug":"politica-de-cookies","status":"publish","type":"page","link":"https:\/\/epixlife.com\/pt-br\/politica-de-cookies\/","title":{"rendered":"Pol\u00edtica de cookies"},"content":{"rendered":"\t\t<div data-elementor-type=\"wp-page\" data-elementor-id=\"28293\" class=\"elementor elementor-28293 elementor-25898\" data-elementor-post-type=\"page\">\n\t\t\t\t<div class=\"elementor-element elementor-element-25e1b21 e-flex e-con-boxed e-con e-parent\" data-id=\"25e1b21\" data-element_type=\"container\">\n\t\t\t\t\t<div class=\"e-con-inner\">\n\t\t\t\t<div class=\"elementor-element elementor-element-157f47b elementor-widget elementor-widget-text-editor\" data-id=\"157f47b\" data-element_type=\"widget\" data-widget_type=\"text-editor.default\">\n\t\t\t\t<div class=\"elementor-widget-container\">\n\t\t\t\t\t\t\t\t\t<h1 class=\"styles_p_richtext__1FFDl\"><strong>Pol\u00edtica de cookies<\/strong><\/h1><p class=\"styles_p_richtext__1FFDl\"><br>Nosso site https:\/\/www.epixlife.com (o &#8220;Site&#8221;) usa uma tecnologia chamada &#8220;cookies&#8221; para que voc\u00ea possa coletar informa\u00e7\u00f5es sobre o uso do Site.<\/p><p class=\"styles_p_richtext__1FFDl\">Informamos que podemos usar cookies para facilitar sua navega\u00e7\u00e3o no Site, para diferenci\u00e1-lo de outros usu\u00e1rios, para proporcionar uma melhor experi\u00eancia de usu\u00e1rio e para identificar problemas a fim de aprimorar nosso Site. Podemos tamb\u00e9m, com o seu consentimento, usar cookies para nos permitir saber mais sobre suas prefer\u00eancias e personalizar nosso Site de acordo com seus interesses individuais. <\/p><p class=\"styles_p_richtext__1FFDl\">O objetivo desta pol\u00edtica de cookies \u00e9 informar voc\u00ea de forma clara e precisa sobre os cookies usados em nosso Site (a &#8220;Pol\u00edtica de Cookies&#8221;). Se quiser obter mais informa\u00e7\u00f5es sobre os cookies que usamos no Site, voc\u00ea pode enviar um e-mail para o seguinte endere\u00e7o: hola@epixlife.com <\/p><p class=\"styles_p_richtext__1FFDl\"><b>Cookies<\/b><\/p><p class=\"styles_p_richtext__1FFDl\">Um cookie \u00e9 um arquivo que \u00e9 baixado para o seu equipamento (computador ou dispositivo m\u00f3vel) com a finalidade de armazenar dados que podem ser atualizados e recuperados pela entidade respons\u00e1vel por sua instala\u00e7\u00e3o.<\/p><p class=\"styles_p_richtext__1FFDl\">As informa\u00e7\u00f5es coletadas por meio de cookies podem incluir a data e a hora das visitas ao site, as p\u00e1ginas visualizadas, o tempo gasto em nosso site e os sites visitados imediatamente antes e depois do site.<\/p><p class=\"styles_p_richtext__1FFDl\"><b>Tipos de cookies usados no site<\/b><\/p><p class=\"styles_p_richtext__1FFDl\">Nosso site usa os cookies descritos abaixo:<\/p><h4 class=\"reporttitle\"><strong>Cookies estritamente necess\u00e1rios  <\/strong><\/h4><table class=\"reporttable table\"><thead><tr><th>Chave de cookie<\/th><th>Dom\u00ednio<\/th><th>Caminho<\/th><th>Tipo de cookie<\/th><th>Vencimento<\/th><th>Descri\u00e7\u00e3o<\/th><\/tr><\/thead><tbody><tr><td data-label=\"Cookie key\"><p>__cf_bm<\/p><\/td><td data-label=\"Domain\">.hubspot.com<\/td><td data-label=\"Path\">\/<\/td><td data-label=\"Cookie type\">De terceiros<\/td><td data-label=\"Expiration\">30 minutos<\/td><td class=\"repdesc\" data-label=\"Description\">Esse cookie \u00e9 usado para distinguir entre humanos e bots. Isso \u00e9 ben\u00e9fico para o site, para que voc\u00ea possa fazer relat\u00f3rios v\u00e1lidos sobre o uso do site. <\/td><\/tr><tr class=\"firstfoundrow\"><td colspan=\"6\"> <\/td><\/tr><\/tbody><\/table><h4 class=\"reporttitle\"><strong>Cookies de desempenho  <\/strong><\/h4><table class=\"reporttable table\"><thead><tr><th>Chave de cookie<\/th><th>Dom\u00ednio<\/th><th>Caminho<\/th><th>Tipo de cookie<\/th><th>Vencimento<\/th><th>Descri\u00e7\u00e3o<\/th><\/tr><\/thead><tbody><tr><td data-label=\"Cookie key\"><p>_gid<\/p><\/td><td data-label=\"Domain\">.epixlife.com<\/td><td data-label=\"Path\">\/<\/td><td data-label=\"Cookie type\">Primeira parte<\/td><td data-label=\"Expiration\">1 dia<\/td><td class=\"repdesc\" data-label=\"Description\">Esse cookie \u00e9 definido pelo Google Analytics. Ele armazena e atualiza um valor exclusivo para cada p\u00e1gina visitada e \u00e9 usado para contar e rastrear visualiza\u00e7\u00f5es de p\u00e1gina. <\/td><\/tr><tr class=\"firstfoundrow\"><td colspan=\"6\"> <\/td><\/tr><tr><td data-label=\"Cookie key\">__hstc<br><a class=\"morecookieinfo\" data-toggle=\"collapse\" data-target=\"#showlink2517704\" aria-expanded=\"false\" aria-controls=\"#showlink2517704\">Mais informa\u00e7\u00f5es<\/a><\/td><td data-label=\"Domain\">.epixlife.com<\/td><td data-label=\"Path\">\/<\/td><td data-label=\"Cookie type\">Prim\u00e1rios<\/td><td data-label=\"Expiration\">6 meses<\/td><td class=\"repdesc\" data-label=\"Description\">Esse nome de cookie est\u00e1 associado a sites criados na plataforma da HubSpot. Eles informam que ele \u00e9 usado para an\u00e1lise de sites. <\/td><\/tr><tr class=\"firstfoundrow\"><td colspan=\"6\"> <\/td><\/tr><tr><td data-label=\"Cookie key\">_ga_BBNCPJ0173<br><a class=\"morecookieinfo\" data-toggle=\"collapse\" data-target=\"#showlink2517706\" aria-expanded=\"false\" aria-controls=\"#showlink2517706\">Mais informa\u00e7\u00f5es<\/a><\/td><td data-label=\"Domain\">.epixlife.com<\/td><td data-label=\"Path\">\/<\/td><td data-label=\"Cookie type\">Primeiras partes<\/td><td data-label=\"Expiration\">1 ano 1 m\u00eas<\/td><td class=\"repdesc\" data-label=\"Description\">O Google Analytics usa esse cookie para manter o status da sess\u00e3o.<\/td><\/tr><tr class=\"firstfoundrow\"><td colspan=\"6\"> <\/td><\/tr><tr><td data-label=\"Cookie key\">__hssrc<br><a class=\"morecookieinfo\" data-toggle=\"collapse\" data-target=\"#showlink2517711\" aria-expanded=\"false\" aria-controls=\"#showlink2517711\">Mais informa\u00e7\u00f5es<\/a><\/td><td data-label=\"Domain\">.epixlife.com<\/td><td data-label=\"Path\">\/<\/td><td data-label=\"Cookie type\">Prim\u00e1rios<\/td><td data-label=\"Expiration\">Sess\u00e3o<\/td><td class=\"repdesc\" data-label=\"Description\">Esse nome de cookie est\u00e1 associado a sites criados na plataforma da HubSpot. Eles informam que ele \u00e9 usado para an\u00e1lise de sites. <\/td><\/tr><tr class=\"firstfoundrow\"><td colspan=\"6\"> <\/td><\/tr><tr><td data-label=\"Cookie key\">_ga<br><a class=\"morecookieinfo\" data-toggle=\"collapse\" data-target=\"#showlink2517712\" aria-expanded=\"false\" aria-controls=\"#showlink2517712\">Mais informa\u00e7\u00f5es<\/a><\/td><td data-label=\"Domain\">.epixlife.com<\/td><td data-label=\"Path\">\/<\/td><td data-label=\"Cookie type\">Prim\u00e1rios<\/td><td data-label=\"Expiration\">1 ano 1 m\u00eas<\/td><td class=\"repdesc\" data-label=\"Description\">Esse nome de cookie est\u00e1 associado ao Google Universal Analytics, que \u00e9 uma atualiza\u00e7\u00e3o significativa do servi\u00e7o de an\u00e1lise mais usado do Google. Esse cookie \u00e9 usado para distinguir usu\u00e1rios \u00fanicos, atribuindo um n\u00famero gerado aleatoriamente como identificador de cliente. Ele \u00e9 inclu\u00eddo em cada solicita\u00e7\u00e3o de p\u00e1gina em um site e \u00e9 usado para calcular dados de visitantes, sess\u00f5es e campanhas para relat\u00f3rios de an\u00e1lise do site.  <\/td><\/tr><tr class=\"firstfoundrow\"><td colspan=\"6\"> <\/td><\/tr><tr><td data-label=\"Cookie key\"><p>_ga_6WFZRPFGVD<\/p><\/td><td data-label=\"Domain\">.epixlife.com<\/td><td data-label=\"Path\">\/<\/td><td data-label=\"Cookie type\">Prim\u00e1rios<\/td><td data-label=\"Expiration\">1 ano 1 m\u00eas<\/td><td class=\"repdesc\" data-label=\"Description\">O Google Analytics usa esse cookie para manter o status da sess\u00e3o.<\/td><\/tr><tr class=\"firstfoundrow\"><td colspan=\"6\"> <\/td><\/tr><tr><td data-label=\"Cookie key\"><p>__hssc<\/p><\/td><td data-label=\"Domain\">.epixlife.com<\/td><td data-label=\"Path\">\/<\/td><td data-label=\"Cookie type\">Primeira parte<\/td><td data-label=\"Expiration\">30 minutos<\/td><td class=\"repdesc\" data-label=\"Description\">Esse nome de cookie est\u00e1 associado a sites criados na plataforma da HubSpot. Eles informam que ele \u00e9 usado para an\u00e1lise de sites. <\/td><\/tr><tr class=\"firstfoundrow\"><td colspan=\"6\"> <\/td><\/tr><\/tbody><\/table><h4 class=\"reporttitle\"><strong>Cookies de prefer\u00eancia  <\/strong><\/h4><table class=\"reporttable table\"><thead><tr><th>Chave de cookie<\/th><th>Dom\u00ednio<\/th><th>Caminho<\/th><th>Tipo de cookie<\/th><th>Vencimento<\/th><th>Descri\u00e7\u00e3o<\/th><\/tr><\/thead><tbody><tr><td data-label=\"Cookie key\"><p>YSC<\/p><\/td><td data-label=\"Domain\">.youtube.com<\/td><td data-label=\"Path\">\/<\/td><td data-label=\"Cookie type\">De terceiros<\/td><td data-label=\"Expiration\">Sess\u00e3o<\/td><td class=\"repdesc\" data-label=\"Description\">O YouTube define esse cookie para rastrear as visualiza\u00e7\u00f5es de v\u00eddeos incorporados.<\/td><\/tr><tr class=\"firstfoundrow\"><td colspan=\"6\"> <\/td><\/tr><tr><td data-label=\"Cookie key\"><p>VISITANTE_INFO1_LIVE<\/p><\/td><td data-label=\"Domain\">.youtube.com<\/td><td data-label=\"Path\">\/<\/td><td data-label=\"Cookie type\">De terceiros<\/td><td data-label=\"Expiration\">6 meses<\/td><td class=\"repdesc\" data-label=\"Description\">O YouTube define esse cookie para rastrear as prefer\u00eancias do usu\u00e1rio para v\u00eddeos do YouTube incorporados em sites; ele tamb\u00e9m pode determinar se o visitante do site est\u00e1 usando a vers\u00e3o nova ou antiga da interface do YouTube.<\/td><\/tr><tr class=\"firstfoundrow\"><td colspan=\"6\"> <\/td><\/tr><tr><td data-label=\"Cookie key\"><p>_gat_gtag_UA_175257458_1<\/p><\/td><td data-label=\"Domain\">.epixlife.com<\/td><td data-label=\"Path\">\/<\/td><td data-label=\"Cookie type\">Primeiros participantes<\/td><td data-label=\"Expiration\">1 minuto<\/td><td class=\"repdesc\" data-label=\"Description\">Esse cookie faz parte do Google Analytics e \u00e9 usado para limitar as solicita\u00e7\u00f5es (taxa de solicita\u00e7\u00e3o de acelera\u00e7\u00e3o).<\/td><\/tr><tr class=\"firstfoundrow\"><td colspan=\"6\"> <\/td><\/tr><tr><td data-label=\"Cookie key\"><p>_fbp<\/p><\/td><td data-label=\"Domain\">.epixlife.com<\/td><td data-label=\"Path\">\/<\/td><td data-label=\"Cookie type\">Prim\u00e1rios<\/td><td data-label=\"Expiration\">3 meses<\/td><td class=\"repdesc\" data-label=\"Description\">Usado pelo Facebook para oferecer uma variedade de produtos de publicidade, como ofertas em tempo real de anunciantes externos.<\/td><\/tr><tr class=\"firstfoundrow\"><td colspan=\"6\"> <\/td><\/tr><\/tbody><\/table><h4 class=\"reporttitle\"><strong>Cookies de funcionalidade  <\/strong><\/h4><table class=\"reporttable table\"><thead><tr><th>Chave de cookie<\/th><th>Dom\u00ednio<\/th><th>Caminho<\/th><th>Tipo de cookie<\/th><th>Vencimento<\/th><th>Descri\u00e7\u00e3o<\/th><\/tr><\/thead><tbody><tr><td data-label=\"Cookie key\">hubspotutk<br><a class=\"morecookieinfo\" data-toggle=\"collapse\" data-target=\"#showlink2517714\" aria-expanded=\"false\" aria-controls=\"#showlink2517714\">Mais informa\u00e7\u00f5es<\/a><\/td><td data-label=\"Domain\">.epixlife.com<\/td><td data-label=\"Path\">\/<\/td><td data-label=\"Cookie type\">Prim\u00e1rios<\/td><td data-label=\"Expiration\">6 meses<\/td><td class=\"repdesc\" data-label=\"Description\">Esse nome de cookie est\u00e1 associado a sites criados na plataforma da HubSpot. A HubSpot informa que sua finalidade \u00e9 a autentica\u00e7\u00e3o do usu\u00e1rio. Como um cookie persistente em vez de um cookie de sess\u00e3o, ele n\u00e3o pode ser classificado como estritamente necess\u00e1rio.  <\/td><\/tr><\/tbody><\/table><p class=\"styles_p_richtext__1FFDl\"><b>Consentimento<\/b><\/p><p class=\"styles_p_richtext__1FFDl\">Ao navegar e continuar em nosso site, voc\u00ea concorda com o uso dos cookies mencionados acima, pelos per\u00edodos indicados e sob as condi\u00e7\u00f5es contidas nesta Pol\u00edtica de Cookies.<\/p><p class=\"styles_p_richtext__1FFDl\"><b>Desativa\u00e7\u00e3o e bloqueio de cookies<\/b><\/p><p class=\"styles_p_richtext__1FFDl\">De qualquer forma, informamos que, como os cookies n\u00e3o s\u00e3o necess\u00e1rios para o uso do nosso site, voc\u00ea pode bloque\u00e1-los ou desativ\u00e1-los ativando a configura\u00e7\u00e3o do seu navegador que permite recusar a instala\u00e7\u00e3o de todos ou de alguns cookies. A maioria dos navegadores permite que voc\u00ea seja avisado sobre a presen\u00e7a de cookies ou que os rejeite automaticamente. Se voc\u00ea os rejeitar, ainda poder\u00e1 usar nosso Site, embora o uso de alguns de seus servi\u00e7os possa ser limitado e sua experi\u00eancia em nosso Site menos satisfat\u00f3ria.  <\/p><p class=\"styles_p_richtext__1FFDl\"><b>Retirar meu consentimento<\/b><\/p><p class=\"styles_p_richtext__1FFDl\">Caso deseje retirar seu consentimento com esta Pol\u00edtica de Cookies a qualquer momento, voc\u00ea dever\u00e1 excluir os cookies armazenados em seu equipamento (computador ou dispositivo m\u00f3vel) por meio das defini\u00e7\u00f5es e configura\u00e7\u00f5es do seu navegador de Internet.<\/p><p class=\"styles_p_richtext__1FFDl\">Para obter mais informa\u00e7\u00f5es sobre como excluir, desativar ou bloquear cookies, visite: http:\/\/www.aboutcookies.org\/Default.aspx?page=2<\/p><p class=\"styles_p_richtext__1FFDl\"><b>Modifica\u00e7\u00e3o das defini\u00e7\u00f5es e da configura\u00e7\u00e3o de cookies<\/b><\/p><p class=\"styles_p_richtext__1FFDl\">A menos que voc\u00ea tenha ajustado as configura\u00e7\u00f5es do seu navegador, nosso sistema criar\u00e1 cookies assim que voc\u00ea visitar nosso site. Observe que todos os navegadores da Internet permitem que voc\u00ea altere essas configura\u00e7\u00f5es. Para obter mais informa\u00e7\u00f5es sobre como ajustar as configura\u00e7\u00f5es de cookies nos seguintes navegadores, recomendamos que voc\u00ea consulte o link relevante:  <\/p><p class=\"styles_p_richtext__1FFDl\"><b>Internet Explorer:<\/b><\/p><p class=\"styles_p_richtext__1FFDl\">http:\/\/support.microsoft.com\/kb\/196955) http:\/\/support.microsoft.com\/kb\/283185 http:\/\/www.allaboutcookies.org\/manage-cookies\/internet-explorer7-plus.html http:\/\/www.allaboutcookies.org\/manage-cookies\/internet-explorer7-plus.html http:\/\/www.allaboutcookies.org\/manage-cookies\/internet-explorer8-plus.html http:\/\/www.allaboutcookies.org\/manage-cookies\/internet-explorer8-plus.html http:\/\/windows.microsoft.com\/is-IS\/windows7\/How-to-manage-cookies-in-Internet-Explorer-9<\/p><p class=\"styles_p_richtext__1FFDl\"><b>Firefox<\/b><\/p><p class=\"styles_p_richtext__1FFDl\">http:\/\/support.mozilla.org\/en-US\/kb\/Cookies<\/p><p class=\"styles_p_richtext__1FFDl\"><b>Cromado<\/b><\/p><p class=\"styles_p_richtext__1FFDl\">http:\/\/support.google.com\/chrome\/bin\/answer.py?hl=en&answer=95647<\/p><p class=\"styles_p_richtext__1FFDl\"><b>Saf\u00e1ri<\/b><\/p><p class=\"styles_p_richtext__1FFDl\">http:\/\/support.apple.com\/kb\/PH5042 &#8211; http:\/\/support.apple.com\/kb\/HT1677<\/p><p class=\"styles_p_richtext__1FFDl\"><b>Altera\u00e7\u00f5es na pol\u00edtica de cookies<\/b><\/p><p class=\"styles_p_richtext__1FFDl\">Podemos atualizar a Pol\u00edtica de Cookies em nosso Site, portanto, recomendamos que voc\u00ea revise essa pol\u00edtica sempre que acessar nosso Site para estar devidamente informado sobre como e para que usamos os cookies. A Pol\u00edtica de Cookies foi atualizada pela \u00faltima vez em __16\/08\/2020.__. <\/p><p class=\"styles_p_richtext__1FFDl\"><b>Contato<\/b><\/p><p class=\"styles_p_richtext__1FFDl\">Se voc\u00ea tiver alguma d\u00favida, coment\u00e1rio ou sugest\u00e3o sobre a Pol\u00edtica de Cookies, escreva para: hola@epixlife.com<\/p>\t\t\t\t\t\t\t\t<\/div>\n\t\t\t\t<\/div>\n\t\t\t\t\t<\/div>\n\t\t\t\t<\/div>\n\t\t\t\t<\/div>\n\t\t","protected":false},"excerpt":{"rendered":"<p>Pol\u00edtica de cookies Nosso site https:\/\/www.epixlife.com (o &#8220;Site&#8221;) usa uma tecnologia chamada &#8220;cookies&#8221; para que voc\u00ea possa coletar informa\u00e7\u00f5es sobre o uso do Site. Informamos que podemos usar cookies para facilitar sua navega\u00e7\u00e3o no Site, para diferenci\u00e1-lo de outros usu\u00e1rios, para proporcionar uma melhor experi\u00eancia de usu\u00e1rio e para identificar problemas a fim de aprimorar [&hellip;]<\/p>\n","protected":false},"author":2,"featured_media":0,"parent":0,"menu_order":0,"comment_status":"closed","ping_status":"closed","template":"","meta":{"_acf_changed":false,"footnotes":""},"class_list":["post-28293","page","type-page","status-publish","hentry"],"acf":[],"yoast_head":"<!-- This site is optimized with the Yoast SEO plugin v25.5 - https:\/\/yoast.com\/wordpress\/plugins\/seo\/ -->\n<title>Pol\u00edtica de cookies - Epixlife | Wellness Inspires Us<\/title>\n<meta name=\"description\" content=\"Saiba como a Epixlife utiliza os cookies para melhorar a sua experi\u00eancia, personalizar o conte\u00fado e analisar o desempenho do site.\" \/>\n<meta name=\"robots\" content=\"index, follow, max-snippet:-1, max-image-preview:large, max-video-preview:-1\" \/>\n<link rel=\"canonical\" href=\"https:\/\/epixlife.com\/pt-br\/politica-de-cookies\/\" \/>\n<meta property=\"og:locale\" content=\"pt_BR\" \/>\n<meta property=\"og:type\" content=\"article\" \/>\n<meta property=\"og:title\" content=\"Pol\u00edtica de cookies - Epixlife | Wellness Inspires Us\" \/>\n<meta property=\"og:description\" content=\"Saiba como a Epixlife utiliza os cookies para melhorar a sua experi\u00eancia, personalizar o conte\u00fado e analisar o desempenho do site.\" \/>\n<meta property=\"og:url\" content=\"https:\/\/epixlife.com\/pt-br\/politica-de-cookies\/\" \/>\n<meta property=\"og:site_name\" content=\"Epixlife | Wellness Inspires Us\" \/>\n<meta property=\"article:publisher\" content=\"https:\/\/www.facebook.com\/epixlife\" \/>\n<meta property=\"article:modified_time\" content=\"2025-07-22T08:20:01+00:00\" \/>\n<meta name=\"twitter:card\" content=\"summary_large_image\" \/>\n<meta name=\"twitter:label1\" content=\"Est. tempo de leitura\" \/>\n\t<meta name=\"twitter:data1\" content=\"5 minutos\" \/>\n<script type=\"application\/ld+json\" class=\"yoast-schema-graph\">{\"@context\":\"https:\/\/schema.org\",\"@graph\":[{\"@type\":\"WebPage\",\"@id\":\"https:\/\/epixlife.com\/pt-br\/politica-de-cookies\/\",\"url\":\"https:\/\/epixlife.com\/pt-br\/politica-de-cookies\/\",\"name\":\"Pol\u00edtica de cookies - Epixlife | Wellness Inspires Us\",\"isPartOf\":{\"@id\":\"https:\/\/epixlife.com\/pt-br\/#website\"},\"datePublished\":\"2025-06-26T12:02:37+00:00\",\"dateModified\":\"2025-07-22T08:20:01+00:00\",\"description\":\"Saiba como a Epixlife utiliza os cookies para melhorar a sua experi\u00eancia, personalizar o conte\u00fado e analisar o desempenho do site.\",\"breadcrumb\":{\"@id\":\"https:\/\/epixlife.com\/pt-br\/politica-de-cookies\/#breadcrumb\"},\"inLanguage\":\"pt-BR\",\"potentialAction\":[{\"@type\":\"ReadAction\",\"target\":[\"https:\/\/epixlife.com\/pt-br\/politica-de-cookies\/\"]}]},{\"@type\":\"BreadcrumbList\",\"@id\":\"https:\/\/epixlife.com\/pt-br\/politica-de-cookies\/#breadcrumb\",\"itemListElement\":[{\"@type\":\"ListItem\",\"position\":1,\"name\":\"Portada\",\"item\":\"https:\/\/epixlife.com\/pt-br\/\"},{\"@type\":\"ListItem\",\"position\":2,\"name\":\"Pol\u00edtica de cookies\"}]},{\"@type\":\"WebSite\",\"@id\":\"https:\/\/epixlife.com\/pt-br\/#website\",\"url\":\"https:\/\/epixlife.com\/pt-br\/\",\"name\":\"Optimiza la expresi\u00f3n g\u00e9nica y bienestar celular | Epixlife\",\"description\":\"En Epixlife ayudamos a profesionales de la salud a nivel global a integrar la bioinformaci\u00f3n en sus consultas.\",\"publisher\":{\"@id\":\"https:\/\/epixlife.com\/pt-br\/#organization\"},\"potentialAction\":[{\"@type\":\"SearchAction\",\"target\":{\"@type\":\"EntryPoint\",\"urlTemplate\":\"https:\/\/epixlife.com\/pt-br\/?s={search_term_string}\"},\"query-input\":{\"@type\":\"PropertyValueSpecification\",\"valueRequired\":true,\"valueName\":\"search_term_string\"}}],\"inLanguage\":\"pt-BR\"},{\"@type\":\"Organization\",\"@id\":\"https:\/\/epixlife.com\/pt-br\/#organization\",\"name\":\"Epixlife\",\"url\":\"https:\/\/epixlife.com\/pt-br\/\",\"logo\":{\"@type\":\"ImageObject\",\"inLanguage\":\"pt-BR\",\"@id\":\"https:\/\/epixlife.com\/pt-br\/#\/schema\/logo\/image\/\",\"url\":\"https:\/\/epixlife.com\/wp-content\/uploads\/2025\/06\/epixlife-logo.png\",\"contentUrl\":\"https:\/\/epixlife.com\/wp-content\/uploads\/2025\/06\/epixlife-logo.png\",\"width\":1694,\"height\":1240,\"caption\":\"Epixlife\"},\"image\":{\"@id\":\"https:\/\/epixlife.com\/pt-br\/#\/schema\/logo\/image\/\"},\"sameAs\":[\"https:\/\/www.facebook.com\/epixlife\"]}]}<\/script>\n<!-- \/ Yoast SEO plugin. -->","yoast_head_json":{"title":"Pol\u00edtica de cookies - Epixlife | Wellness Inspires Us","description":"Saiba como a Epixlife utiliza os cookies para melhorar a sua experi\u00eancia, personalizar o conte\u00fado e analisar o desempenho do site.","robots":{"index":"index","follow":"follow","max-snippet":"max-snippet:-1","max-image-preview":"max-image-preview:large","max-video-preview":"max-video-preview:-1"},"canonical":"https:\/\/epixlife.com\/pt-br\/politica-de-cookies\/","og_locale":"pt_BR","og_type":"article","og_title":"Pol\u00edtica de cookies - Epixlife | Wellness Inspires Us","og_description":"Saiba como a Epixlife utiliza os cookies para melhorar a sua experi\u00eancia, personalizar o conte\u00fado e analisar o desempenho do site.","og_url":"https:\/\/epixlife.com\/pt-br\/politica-de-cookies\/","og_site_name":"Epixlife | Wellness Inspires Us","article_publisher":"https:\/\/www.facebook.com\/epixlife","article_modified_time":"2025-07-22T08:20:01+00:00","twitter_card":"summary_large_image","twitter_misc":{"Est. tempo de leitura":"5 minutos"},"schema":{"@context":"https:\/\/schema.org","@graph":[{"@type":"WebPage","@id":"https:\/\/epixlife.com\/pt-br\/politica-de-cookies\/","url":"https:\/\/epixlife.com\/pt-br\/politica-de-cookies\/","name":"Pol\u00edtica de cookies - Epixlife | Wellness Inspires Us","isPartOf":{"@id":"https:\/\/epixlife.com\/pt-br\/#website"},"datePublished":"2025-06-26T12:02:37+00:00","dateModified":"2025-07-22T08:20:01+00:00","description":"Saiba como a Epixlife utiliza os cookies para melhorar a sua experi\u00eancia, personalizar o conte\u00fado e analisar o desempenho do site.","breadcrumb":{"@id":"https:\/\/epixlife.com\/pt-br\/politica-de-cookies\/#breadcrumb"},"inLanguage":"pt-BR","potentialAction":[{"@type":"ReadAction","target":["https:\/\/epixlife.com\/pt-br\/politica-de-cookies\/"]}]},{"@type":"BreadcrumbList","@id":"https:\/\/epixlife.com\/pt-br\/politica-de-cookies\/#breadcrumb","itemListElement":[{"@type":"ListItem","position":1,"name":"Portada","item":"https:\/\/epixlife.com\/pt-br\/"},{"@type":"ListItem","position":2,"name":"Pol\u00edtica de cookies"}]},{"@type":"WebSite","@id":"https:\/\/epixlife.com\/pt-br\/#website","url":"https:\/\/epixlife.com\/pt-br\/","name":"Optimiza la expresi\u00f3n g\u00e9nica y bienestar celular | Epixlife","description":"En Epixlife ayudamos a profesionales de la salud a nivel global a integrar la bioinformaci\u00f3n en sus consultas.","publisher":{"@id":"https:\/\/epixlife.com\/pt-br\/#organization"},"potentialAction":[{"@type":"SearchAction","target":{"@type":"EntryPoint","urlTemplate":"https:\/\/epixlife.com\/pt-br\/?s={search_term_string}"},"query-input":{"@type":"PropertyValueSpecification","valueRequired":true,"valueName":"search_term_string"}}],"inLanguage":"pt-BR"},{"@type":"Organization","@id":"https:\/\/epixlife.com\/pt-br\/#organization","name":"Epixlife","url":"https:\/\/epixlife.com\/pt-br\/","logo":{"@type":"ImageObject","inLanguage":"pt-BR","@id":"https:\/\/epixlife.com\/pt-br\/#\/schema\/logo\/image\/","url":"https:\/\/epixlife.com\/wp-content\/uploads\/2025\/06\/epixlife-logo.png","contentUrl":"https:\/\/epixlife.com\/wp-content\/uploads\/2025\/06\/epixlife-logo.png","width":1694,"height":1240,"caption":"Epixlife"},"image":{"@id":"https:\/\/epixlife.com\/pt-br\/#\/schema\/logo\/image\/"},"sameAs":["https:\/\/www.facebook.com\/epixlife"]}]}},"_links":{"self":[{"href":"https:\/\/epixlife.com\/pt-br\/wp-json\/wp\/v2\/pages\/28293","targetHints":{"allow":["GET"]}}],"collection":[{"href":"https:\/\/epixlife.com\/pt-br\/wp-json\/wp\/v2\/pages"}],"about":[{"href":"https:\/\/epixlife.com\/pt-br\/wp-json\/wp\/v2\/types\/page"}],"author":[{"embeddable":true,"href":"https:\/\/epixlife.com\/pt-br\/wp-json\/wp\/v2\/users\/2"}],"replies":[{"embeddable":true,"href":"https:\/\/epixlife.com\/pt-br\/wp-json\/wp\/v2\/comments?post=28293"}],"version-history":[{"count":2,"href":"https:\/\/epixlife.com\/pt-br\/wp-json\/wp\/v2\/pages\/28293\/revisions"}],"predecessor-version":[{"id":28859,"href":"https:\/\/epixlife.com\/pt-br\/wp-json\/wp\/v2\/pages\/28293\/revisions\/28859"}],"wp:attachment":[{"href":"https:\/\/epixlife.com\/pt-br\/wp-json\/wp\/v2\/media?parent=28293"}],"curies":[{"name":"wp","href":"https:\/\/api.w.org\/{rel}","templated":true}]}}