{"id":31121,"date":"2025-11-06T15:55:08","date_gmt":"2025-11-06T15:55:08","guid":{"rendered":"https:\/\/epixlife.com\/test-genetico\/"},"modified":"2026-02-19T15:09:34","modified_gmt":"2026-02-19T15:09:34","slug":"test-genetico-pt","status":"publish","type":"page","link":"https:\/\/epixlife.com\/pt-br\/test-genetico-pt\/","title":{"rendered":"Test gen\u00e9tico"},"content":{"rendered":"\t\t<div data-elementor-type=\"wp-page\" data-elementor-id=\"31121\" class=\"elementor elementor-31121 elementor-30078\" data-elementor-post-type=\"page\">\n\t\t\t\t<div class=\"elementor-element elementor-element-58103f0 e-flex e-con-boxed e-con e-parent\" data-id=\"58103f0\" data-element_type=\"container\" data-settings=\"{&quot;background_background&quot;:&quot;gradient&quot;}\">\n\t\t\t\t\t<div class=\"e-con-inner\">\n\t\t<div class=\"elementor-element elementor-element-00b2dbd e-con-full e-flex e-con e-child\" data-id=\"00b2dbd\" data-element_type=\"container\">\n\t\t\t\t<div class=\"elementor-element elementor-element-a6990a5 elementor-widget elementor-widget-heading\" data-id=\"a6990a5\" data-element_type=\"widget\" data-widget_type=\"heading.default\">\n\t\t\t\t<div class=\"elementor-widget-container\">\n\t\t\t\t\t<h2 class=\"elementor-heading-title elementor-size-default\">O <span class=\"gradient-text\">teste gen\u00e9tico<\/span> mais completo<\/h2>\t\t\t\t<\/div>\n\t\t\t\t<\/div>\n\t\t\t\t<div class=\"elementor-element elementor-element-5961e1b elementor-widget__width-initial elementor-widget elementor-widget-text-editor\" data-id=\"5961e1b\" data-element_type=\"widget\" data-widget_type=\"text-editor.default\">\n\t\t\t\t<div class=\"elementor-widget-container\">\n\t\t\t\t\t\t\t\t\t<p data-start=\"69\" data-end=\"301\">A Epixlife oferece-lhe o teste gen\u00e9tico da tellmeGen, o teste de ADN mais completo do mercado*. Descubra a sua predisposi\u00e7\u00e3o gen\u00e9tica para in\u00fameros fatores de sa\u00fade e as suas origens (ancestrais) com uma simples amostra de saliva.<\/p><p data-start=\"303\" data-end=\"342\">*Servi\u00e7o dispon\u00edvel apenas na Europa.<\/p>\t\t\t\t\t\t\t\t<\/div>\n\t\t\t\t<\/div>\n\t\t\t\t<\/div>\n\t\t<div class=\"elementor-element elementor-element-fa7a5d4 e-con-full e-flex e-con e-child\" data-id=\"fa7a5d4\" data-element_type=\"container\">\n\t\t\t\t<div class=\"elementor-element elementor-element-359fb2f elementor-widget elementor-widget-image\" data-id=\"359fb2f\" data-element_type=\"widget\" data-widget_type=\"image.default\">\n\t\t\t\t<div class=\"elementor-widget-container\">\n\t\t\t\t\t\t\t\t\t\t\t\t\t\t\t<img fetchpriority=\"high\" decoding=\"async\" width=\"572\" height=\"572\" src=\"https:\/\/epixlife.com\/wp-content\/uploads\/2025\/11\/Epixlife_TestGenetico.png\" class=\"attachment-large size-large wp-image-30088\" alt=\"Epixlife_TestGenetico\" srcset=\"https:\/\/epixlife.com\/wp-content\/uploads\/2025\/11\/Epixlife_TestGenetico.png 572w, https:\/\/epixlife.com\/wp-content\/uploads\/2025\/11\/Epixlife_TestGenetico-300x300.png 300w, https:\/\/epixlife.com\/wp-content\/uploads\/2025\/11\/Epixlife_TestGenetico-150x150.png 150w\" sizes=\"(max-width: 572px) 100vw, 572px\" \/>\t\t\t\t\t\t\t\t\t\t\t\t\t\t\t<\/div>\n\t\t\t\t<\/div>\n\t\t\t\t<\/div>\n\t\t\t\t\t<\/div>\n\t\t\t\t<\/div>\n\t\t<div class=\"elementor-element elementor-element-a514194 e-flex e-con-boxed e-con e-parent\" data-id=\"a514194\" data-element_type=\"container\">\n\t\t\t\t\t<div class=\"e-con-inner\">\n\t\t<div class=\"elementor-element elementor-element-2932e76 e-con-full e-flex e-con e-child\" data-id=\"2932e76\" data-element_type=\"container\">\n\t\t\t\t<div class=\"elementor-element elementor-element-84f0754 elementor-widget elementor-widget-image\" data-id=\"84f0754\" data-element_type=\"widget\" data-widget_type=\"image.default\">\n\t\t\t\t<div class=\"elementor-widget-container\">\n\t\t\t\t\t\t\t\t\t\t\t\t\t\t\t<img decoding=\"async\" width=\"800\" height=\"798\" src=\"https:\/\/epixlife.com\/wp-content\/uploads\/2025\/11\/iScan-TestGenetico.jpg\" class=\"attachment-large size-large wp-image-30092\" alt=\"iScan-TestGenetico\" srcset=\"https:\/\/epixlife.com\/wp-content\/uploads\/2025\/11\/iScan-TestGenetico.jpg 858w, https:\/\/epixlife.com\/wp-content\/uploads\/2025\/11\/iScan-TestGenetico-300x300.jpg 300w, https:\/\/epixlife.com\/wp-content\/uploads\/2025\/11\/iScan-TestGenetico-150x150.jpg 150w, https:\/\/epixlife.com\/wp-content\/uploads\/2025\/11\/iScan-TestGenetico-768x766.jpg 768w\" sizes=\"(max-width: 800px) 100vw, 800px\" \/>\t\t\t\t\t\t\t\t\t\t\t\t\t\t\t<\/div>\n\t\t\t\t<\/div>\n\t\t\t\t<\/div>\n\t\t<div class=\"elementor-element elementor-element-b4c2ca9 e-con-full e-flex e-con e-child\" data-id=\"b4c2ca9\" data-element_type=\"container\">\n\t\t\t\t<div class=\"elementor-element elementor-element-9f58faa elementor-widget elementor-widget-heading\" data-id=\"9f58faa\" data-element_type=\"widget\" data-widget_type=\"heading.default\">\n\t\t\t\t<div class=\"elementor-widget-container\">\n\t\t\t\t\t<h2 class=\"elementor-heading-title elementor-size-default\">Obtenha o seu <span class=\"gradient-text\">teste de ADN<\/span> com o <span class=\"gradient-text\">Global Screening Array<\/span> da Illumina<\/h2>\t\t\t\t<\/div>\n\t\t\t\t<\/div>\n\t\t\t\t<div class=\"elementor-element elementor-element-3cdc1a2 elementor-widget__width-initial elementor-widget elementor-widget-text-editor\" data-id=\"3cdc1a2\" data-element_type=\"widget\" data-widget_type=\"text-editor.default\">\n\t\t\t\t<div class=\"elementor-widget-container\">\n\t\t\t\t\t\t\t\t\t<p data-start=\"485\" data-end=\"757\">Nenhum outro teste gen\u00e9tico no mercado lhe oferecer\u00e1 um maior n\u00famero de resultados, divididos em categorias como sa\u00fade (doen\u00e7as gen\u00e9ticas, compatibilidade farmacol\u00f3gica, etc.), caracter\u00edsticas pessoais (incluindo desporto e nutri\u00e7\u00e3o) e teste de ancestrais, entre outros.<\/p><p data-start=\"759\" data-end=\"911\">Gra\u00e7as \u00e0 tecnologia mais avan\u00e7ada de Microarray da Illumina, obtemos dados de mais de 750.000 SNPs, garantindo precis\u00e3o e fiabilidade em cada an\u00e1lise.<\/p>\t\t\t\t\t\t\t\t<\/div>\n\t\t\t\t<\/div>\n\t\t\t\t<\/div>\n\t\t\t\t\t<\/div>\n\t\t\t\t<\/div>\n\t\t<div class=\"elementor-element elementor-element-93904c2 e-flex e-con-boxed e-con e-parent\" data-id=\"93904c2\" data-element_type=\"container\">\n\t\t\t\t\t<div class=\"e-con-inner\">\n\t\t\t\t<div class=\"elementor-element elementor-element-aa78de5 elementor-view-default elementor-position-top elementor-mobile-position-top elementor-widget elementor-widget-icon-box\" data-id=\"aa78de5\" data-element_type=\"widget\" data-widget_type=\"icon-box.default\">\n\t\t\t\t<div class=\"elementor-widget-container\">\n\t\t\t\t\t\t\t<div class=\"elementor-icon-box-wrapper\">\n\n\t\t\t\t\t\t<div class=\"elementor-icon-box-icon\">\n\t\t\t\t<span  class=\"elementor-icon\">\n\t\t\t\t<svg aria-hidden=\"true\" class=\"e-font-icon-svg e-fas-shipping-fast\" viewBox=\"0 0 640 512\" xmlns=\"http:\/\/www.w3.org\/2000\/svg\"><path d=\"M624 352h-16V243.9c0-12.7-5.1-24.9-14.1-33.9L494 110.1c-9-9-21.2-14.1-33.9-14.1H416V48c0-26.5-21.5-48-48-48H112C85.5 0 64 21.5 64 48v48H8c-4.4 0-8 3.6-8 8v16c0 4.4 3.6 8 8 8h272c4.4 0 8 3.6 8 8v16c0 4.4-3.6 8-8 8H40c-4.4 0-8 3.6-8 8v16c0 4.4 3.6 8 8 8h208c4.4 0 8 3.6 8 8v16c0 4.4-3.6 8-8 8H8c-4.4 0-8 3.6-8 8v16c0 4.4 3.6 8 8 8h208c4.4 0 8 3.6 8 8v16c0 4.4-3.6 8-8 8H64v128c0 53 43 96 96 96s96-43 96-96h128c0 53 43 96 96 96s96-43 96-96h48c8.8 0 16-7.2 16-16v-32c0-8.8-7.2-16-16-16zM160 464c-26.5 0-48-21.5-48-48s21.5-48 48-48 48 21.5 48 48-21.5 48-48 48zm320 0c-26.5 0-48-21.5-48-48s21.5-48 48-48 48 21.5 48 48-21.5 48-48 48zm80-208H416V144h44.1l99.9 99.9V256z\"><\/path><\/svg>\t\t\t\t<\/span>\n\t\t\t<\/div>\n\t\t\t\n\t\t\t\t\t\t<div class=\"elementor-icon-box-content\">\n\n\t\t\t\t\t\t\t\t\t<h3 class=\"elementor-icon-box-title\">\n\t\t\t\t\t\t<span  >\n\t\t\t\t\t\t\tEnvio gratuito para a Pen\u00ednsula Ib\u00e9rica\t\t\t\t\t\t<\/span>\n\t\t\t\t\t<\/h3>\n\t\t\t\t\n\t\t\t\t\n\t\t\t<\/div>\n\t\t\t\n\t\t<\/div>\n\t\t\t\t\t\t<\/div>\n\t\t\t\t<\/div>\n\t\t\t\t<div class=\"elementor-element elementor-element-3c1f174 elementor-view-default elementor-position-top elementor-mobile-position-top elementor-widget elementor-widget-icon-box\" data-id=\"3c1f174\" data-element_type=\"widget\" data-widget_type=\"icon-box.default\">\n\t\t\t\t<div class=\"elementor-widget-container\">\n\t\t\t\t\t\t\t<div class=\"elementor-icon-box-wrapper\">\n\n\t\t\t\t\t\t<div class=\"elementor-icon-box-icon\">\n\t\t\t\t<span  class=\"elementor-icon\">\n\t\t\t\t<svg aria-hidden=\"true\" class=\"e-font-icon-svg e-fas-shield-alt\" viewBox=\"0 0 512 512\" xmlns=\"http:\/\/www.w3.org\/2000\/svg\"><path d=\"M466.5 83.7l-192-80a48.15 48.15 0 0 0-36.9 0l-192 80C27.7 91.1 16 108.6 16 128c0 198.5 114.5 335.7 221.5 380.3 11.8 4.9 25.1 4.9 36.9 0C360.1 472.6 496 349.3 496 128c0-19.4-11.7-36.9-29.5-44.3zM256.1 446.3l-.1-381 175.9 73.3c-3.3 151.4-82.1 261.1-175.8 307.7z\"><\/path><\/svg>\t\t\t\t<\/span>\n\t\t\t<\/div>\n\t\t\t\n\t\t\t\t\t\t<div class=\"elementor-icon-box-content\">\n\n\t\t\t\t\t\t\t\t\t<h3 class=\"elementor-icon-box-title\">\n\t\t\t\t\t\t<span  >\n\t\t\t\t\t\t\tProte\u00e7\u00e3o dos seus dados\t\t\t\t\t\t<\/span>\n\t\t\t\t\t<\/h3>\n\t\t\t\t\n\t\t\t\t\n\t\t\t<\/div>\n\t\t\t\n\t\t<\/div>\n\t\t\t\t\t\t<\/div>\n\t\t\t\t<\/div>\n\t\t\t\t<div class=\"elementor-element elementor-element-fc78ac2 elementor-view-default elementor-position-top elementor-mobile-position-top elementor-widget elementor-widget-icon-box\" data-id=\"fc78ac2\" data-element_type=\"widget\" data-widget_type=\"icon-box.default\">\n\t\t\t\t<div class=\"elementor-widget-container\">\n\t\t\t\t\t\t\t<div class=\"elementor-icon-box-wrapper\">\n\n\t\t\t\t\t\t<div class=\"elementor-icon-box-icon\">\n\t\t\t\t<span  class=\"elementor-icon\">\n\t\t\t\t<svg xmlns:xlink=\"http:\/\/www.w3.org\/1999\/xlink\" xmlns=\"http:\/\/www.w3.org\/2000\/svg\" width=\"44\" height=\"30\" viewBox=\"0 0 44 30\" fill=\"none\"><path d=\"M41.2714 29.9948L40.248 29.9101C38.457 29.7408 36.666 29.2328 35.0456 28.3861C31.1225 26.3541 28.564 23.306 27.2847 19.1572C26.4319 16.3632 26.5172 13.3151 27.37 10.521C28.3082 7.72695 30.0138 5.27156 32.3165 3.40885C35.472 0.953461 39.3951 -0.231899 43.4035 0.191444L43.4035 4.67888C40.0774 4.25554 37.0924 5.10222 34.6192 7.38828C33.0841 8.82764 31.9754 10.6904 31.549 12.7224L40.4185 12.7224L40.4185 17.2098L31.549 17.2098C32.4871 21.6126 36.9219 26.1 43.4888 25.338L43.4888 29.8255L42.7212 29.9101L41.2714 29.9948Z\" fill=\"#232F3F\"><\/path><path d=\"M0.846794 14.2464C0.846794 13.9077 0.932063 13.5691 0.932063 13.2304C1.18792 11.1984 1.7849 9.25097 2.8936 7.47293C4.34343 4.93287 6.56082 2.90083 9.11934 1.6308C11.7632 0.276097 14.6628 -0.231915 17.5625 0.10676L17.5625 4.5942C13.7247 4.25552 10.3986 5.35622 7.8401 8.31962C6.98726 9.33564 6.30499 10.521 5.87857 11.7064C5.45215 12.8917 5.28158 14.3311 5.45215 15.6011C5.53744 17.0405 5.87855 18.4799 6.56082 19.7499C7.2431 21.0199 8.18122 22.1206 9.28992 23.052C11.6779 24.9993 14.4923 25.6767 17.5625 25.338L17.5625 29.8255L16.7949 29.9101L15.3451 29.9101L15.1745 29.9101C14.2364 29.8254 13.213 29.7408 12.2749 29.4868C10.3133 28.9788 8.43708 28.1321 6.90197 26.9467C5.28157 25.7614 3.91701 24.2373 2.8936 22.4593C1.87019 20.6812 1.18792 18.7339 0.932063 16.7018C0.932063 16.3631 0.846793 16.0245 0.846793 15.6858L0.846794 14.2464Z\" fill=\"#232F3F\"><\/path><\/svg>\t\t\t\t<\/span>\n\t\t\t<\/div>\n\t\t\t\n\t\t\t\t\t\t<div class=\"elementor-icon-box-content\">\n\n\t\t\t\t\t\t\t\t\t<h3 class=\"elementor-icon-box-title\">\n\t\t\t\t\t\t<span  >\n\t\t\t\t\t\t\tBiotecnologia certificada pela UE\t\t\t\t\t\t<\/span>\n\t\t\t\t\t<\/h3>\n\t\t\t\t\n\t\t\t\t\n\t\t\t<\/div>\n\t\t\t\n\t\t<\/div>\n\t\t\t\t\t\t<\/div>\n\t\t\t\t<\/div>\n\t\t\t\t\t<\/div>\n\t\t\t\t<\/div>\n\t\t\t\t<\/div>\n\t\t","protected":false},"excerpt":{"rendered":"<p>O teste gen\u00e9tico mais completo A Epixlife oferece-lhe o teste gen\u00e9tico da tellmeGen, o teste de ADN mais completo do mercado*. Descubra a sua predisposi\u00e7\u00e3o gen\u00e9tica para in\u00fameros fatores de sa\u00fade e as suas origens (ancestrais) com uma simples amostra de saliva. *Servi\u00e7o dispon\u00edvel apenas na Europa. Obtenha o seu teste de ADN com o [&hellip;]<\/p>\n","protected":false},"author":2,"featured_media":0,"parent":0,"menu_order":0,"comment_status":"closed","ping_status":"closed","template":"","meta":{"_acf_changed":false,"footnotes":""},"class_list":["post-31121","page","type-page","status-publish","hentry"],"acf":[],"yoast_head":"<!-- This site is optimized with the Yoast SEO plugin v25.5 - https:\/\/yoast.com\/wordpress\/plugins\/seo\/ -->\n<title>Test gen\u00e9tico - Epixlife | Wellness Inspires Us<\/title>\n<meta name=\"robots\" content=\"index, follow, max-snippet:-1, max-image-preview:large, max-video-preview:-1\" \/>\n<link rel=\"canonical\" href=\"https:\/\/epixlife.com\/pt-br\/test-genetico-pt\/\" \/>\n<meta property=\"og:locale\" content=\"pt_BR\" \/>\n<meta property=\"og:type\" content=\"article\" \/>\n<meta property=\"og:title\" content=\"Test gen\u00e9tico - Epixlife | Wellness Inspires Us\" \/>\n<meta property=\"og:description\" content=\"O teste gen\u00e9tico mais completo A Epixlife oferece-lhe o teste gen\u00e9tico da tellmeGen, o teste de ADN mais completo do mercado*. Descubra a sua predisposi\u00e7\u00e3o gen\u00e9tica para in\u00fameros fatores de sa\u00fade e as suas origens (ancestrais) com uma simples amostra de saliva. *Servi\u00e7o dispon\u00edvel apenas na Europa. Obtenha o seu teste de ADN com o [&hellip;]\" \/>\n<meta property=\"og:url\" content=\"https:\/\/epixlife.com\/pt-br\/test-genetico-pt\/\" \/>\n<meta property=\"og:site_name\" content=\"Epixlife | Wellness Inspires Us\" \/>\n<meta property=\"article:publisher\" content=\"https:\/\/www.facebook.com\/epixlife\" \/>\n<meta property=\"article:modified_time\" content=\"2026-02-19T15:09:34+00:00\" \/>\n<meta property=\"og:image\" content=\"https:\/\/epixlife.com\/wp-content\/uploads\/2025\/11\/Epixlife_TestGenetico.png\" \/>\n\t<meta property=\"og:image:width\" content=\"572\" \/>\n\t<meta property=\"og:image:height\" content=\"572\" \/>\n\t<meta property=\"og:image:type\" content=\"image\/png\" \/>\n<meta name=\"twitter:card\" content=\"summary_large_image\" \/>\n<meta name=\"twitter:label1\" content=\"Est. tempo de leitura\" \/>\n\t<meta name=\"twitter:data1\" content=\"2 minutos\" \/>\n<script type=\"application\/ld+json\" class=\"yoast-schema-graph\">{\"@context\":\"https:\/\/schema.org\",\"@graph\":[{\"@type\":\"WebPage\",\"@id\":\"https:\/\/epixlife.com\/pt-br\/test-genetico-pt\/\",\"url\":\"https:\/\/epixlife.com\/pt-br\/test-genetico-pt\/\",\"name\":\"Test gen\u00e9tico - Epixlife | Wellness Inspires Us\",\"isPartOf\":{\"@id\":\"https:\/\/epixlife.com\/pt-br\/#website\"},\"primaryImageOfPage\":{\"@id\":\"https:\/\/epixlife.com\/pt-br\/test-genetico-pt\/#primaryimage\"},\"image\":{\"@id\":\"https:\/\/epixlife.com\/pt-br\/test-genetico-pt\/#primaryimage\"},\"thumbnailUrl\":\"https:\/\/epixlife.com\/wp-content\/uploads\/2025\/11\/Epixlife_TestGenetico.png\",\"datePublished\":\"2025-11-06T15:55:08+00:00\",\"dateModified\":\"2026-02-19T15:09:34+00:00\",\"breadcrumb\":{\"@id\":\"https:\/\/epixlife.com\/pt-br\/test-genetico-pt\/#breadcrumb\"},\"inLanguage\":\"pt-BR\",\"potentialAction\":[{\"@type\":\"ReadAction\",\"target\":[\"https:\/\/epixlife.com\/pt-br\/test-genetico-pt\/\"]}]},{\"@type\":\"ImageObject\",\"inLanguage\":\"pt-BR\",\"@id\":\"https:\/\/epixlife.com\/pt-br\/test-genetico-pt\/#primaryimage\",\"url\":\"https:\/\/epixlife.com\/wp-content\/uploads\/2025\/11\/Epixlife_TestGenetico.png\",\"contentUrl\":\"https:\/\/epixlife.com\/wp-content\/uploads\/2025\/11\/Epixlife_TestGenetico.png\"},{\"@type\":\"BreadcrumbList\",\"@id\":\"https:\/\/epixlife.com\/pt-br\/test-genetico-pt\/#breadcrumb\",\"itemListElement\":[{\"@type\":\"ListItem\",\"position\":1,\"name\":\"Portada\",\"item\":\"https:\/\/epixlife.com\/pt-br\/\"},{\"@type\":\"ListItem\",\"position\":2,\"name\":\"Test gen\u00e9tico\"}]},{\"@type\":\"WebSite\",\"@id\":\"https:\/\/epixlife.com\/pt-br\/#website\",\"url\":\"https:\/\/epixlife.com\/pt-br\/\",\"name\":\"Optimiza la expresi\u00f3n g\u00e9nica y bienestar celular | Epixlife\",\"description\":\"En Epixlife ayudamos a profesionales de la salud a nivel global a integrar la bioinformaci\u00f3n en sus consultas.\",\"publisher\":{\"@id\":\"https:\/\/epixlife.com\/pt-br\/#organization\"},\"potentialAction\":[{\"@type\":\"SearchAction\",\"target\":{\"@type\":\"EntryPoint\",\"urlTemplate\":\"https:\/\/epixlife.com\/pt-br\/?s={search_term_string}\"},\"query-input\":{\"@type\":\"PropertyValueSpecification\",\"valueRequired\":true,\"valueName\":\"search_term_string\"}}],\"inLanguage\":\"pt-BR\"},{\"@type\":\"Organization\",\"@id\":\"https:\/\/epixlife.com\/pt-br\/#organization\",\"name\":\"Epixlife\",\"url\":\"https:\/\/epixlife.com\/pt-br\/\",\"logo\":{\"@type\":\"ImageObject\",\"inLanguage\":\"pt-BR\",\"@id\":\"https:\/\/epixlife.com\/pt-br\/#\/schema\/logo\/image\/\",\"url\":\"https:\/\/epixlife.com\/wp-content\/uploads\/2025\/06\/epixlife-logo.png\",\"contentUrl\":\"https:\/\/epixlife.com\/wp-content\/uploads\/2025\/06\/epixlife-logo.png\",\"width\":1694,\"height\":1240,\"caption\":\"Epixlife\"},\"image\":{\"@id\":\"https:\/\/epixlife.com\/pt-br\/#\/schema\/logo\/image\/\"},\"sameAs\":[\"https:\/\/www.facebook.com\/epixlife\"]}]}<\/script>\n<!-- \/ Yoast SEO plugin. -->","yoast_head_json":{"title":"Test gen\u00e9tico - Epixlife | Wellness Inspires Us","robots":{"index":"index","follow":"follow","max-snippet":"max-snippet:-1","max-image-preview":"max-image-preview:large","max-video-preview":"max-video-preview:-1"},"canonical":"https:\/\/epixlife.com\/pt-br\/test-genetico-pt\/","og_locale":"pt_BR","og_type":"article","og_title":"Test gen\u00e9tico - Epixlife | Wellness Inspires Us","og_description":"O teste gen\u00e9tico mais completo A Epixlife oferece-lhe o teste gen\u00e9tico da tellmeGen, o teste de ADN mais completo do mercado*. Descubra a sua predisposi\u00e7\u00e3o gen\u00e9tica para in\u00fameros fatores de sa\u00fade e as suas origens (ancestrais) com uma simples amostra de saliva. *Servi\u00e7o dispon\u00edvel apenas na Europa. Obtenha o seu teste de ADN com o [&hellip;]","og_url":"https:\/\/epixlife.com\/pt-br\/test-genetico-pt\/","og_site_name":"Epixlife | Wellness Inspires Us","article_publisher":"https:\/\/www.facebook.com\/epixlife","article_modified_time":"2026-02-19T15:09:34+00:00","og_image":[{"width":572,"height":572,"url":"https:\/\/epixlife.com\/wp-content\/uploads\/2025\/11\/Epixlife_TestGenetico.png","type":"image\/png"}],"twitter_card":"summary_large_image","twitter_misc":{"Est. tempo de leitura":"2 minutos"},"schema":{"@context":"https:\/\/schema.org","@graph":[{"@type":"WebPage","@id":"https:\/\/epixlife.com\/pt-br\/test-genetico-pt\/","url":"https:\/\/epixlife.com\/pt-br\/test-genetico-pt\/","name":"Test gen\u00e9tico - Epixlife | Wellness Inspires Us","isPartOf":{"@id":"https:\/\/epixlife.com\/pt-br\/#website"},"primaryImageOfPage":{"@id":"https:\/\/epixlife.com\/pt-br\/test-genetico-pt\/#primaryimage"},"image":{"@id":"https:\/\/epixlife.com\/pt-br\/test-genetico-pt\/#primaryimage"},"thumbnailUrl":"https:\/\/epixlife.com\/wp-content\/uploads\/2025\/11\/Epixlife_TestGenetico.png","datePublished":"2025-11-06T15:55:08+00:00","dateModified":"2026-02-19T15:09:34+00:00","breadcrumb":{"@id":"https:\/\/epixlife.com\/pt-br\/test-genetico-pt\/#breadcrumb"},"inLanguage":"pt-BR","potentialAction":[{"@type":"ReadAction","target":["https:\/\/epixlife.com\/pt-br\/test-genetico-pt\/"]}]},{"@type":"ImageObject","inLanguage":"pt-BR","@id":"https:\/\/epixlife.com\/pt-br\/test-genetico-pt\/#primaryimage","url":"https:\/\/epixlife.com\/wp-content\/uploads\/2025\/11\/Epixlife_TestGenetico.png","contentUrl":"https:\/\/epixlife.com\/wp-content\/uploads\/2025\/11\/Epixlife_TestGenetico.png"},{"@type":"BreadcrumbList","@id":"https:\/\/epixlife.com\/pt-br\/test-genetico-pt\/#breadcrumb","itemListElement":[{"@type":"ListItem","position":1,"name":"Portada","item":"https:\/\/epixlife.com\/pt-br\/"},{"@type":"ListItem","position":2,"name":"Test gen\u00e9tico"}]},{"@type":"WebSite","@id":"https:\/\/epixlife.com\/pt-br\/#website","url":"https:\/\/epixlife.com\/pt-br\/","name":"Optimiza la expresi\u00f3n g\u00e9nica y bienestar celular | Epixlife","description":"En Epixlife ayudamos a profesionales de la salud a nivel global a integrar la bioinformaci\u00f3n en sus consultas.","publisher":{"@id":"https:\/\/epixlife.com\/pt-br\/#organization"},"potentialAction":[{"@type":"SearchAction","target":{"@type":"EntryPoint","urlTemplate":"https:\/\/epixlife.com\/pt-br\/?s={search_term_string}"},"query-input":{"@type":"PropertyValueSpecification","valueRequired":true,"valueName":"search_term_string"}}],"inLanguage":"pt-BR"},{"@type":"Organization","@id":"https:\/\/epixlife.com\/pt-br\/#organization","name":"Epixlife","url":"https:\/\/epixlife.com\/pt-br\/","logo":{"@type":"ImageObject","inLanguage":"pt-BR","@id":"https:\/\/epixlife.com\/pt-br\/#\/schema\/logo\/image\/","url":"https:\/\/epixlife.com\/wp-content\/uploads\/2025\/06\/epixlife-logo.png","contentUrl":"https:\/\/epixlife.com\/wp-content\/uploads\/2025\/06\/epixlife-logo.png","width":1694,"height":1240,"caption":"Epixlife"},"image":{"@id":"https:\/\/epixlife.com\/pt-br\/#\/schema\/logo\/image\/"},"sameAs":["https:\/\/www.facebook.com\/epixlife"]}]}},"_links":{"self":[{"href":"https:\/\/epixlife.com\/pt-br\/wp-json\/wp\/v2\/pages\/31121","targetHints":{"allow":["GET"]}}],"collection":[{"href":"https:\/\/epixlife.com\/pt-br\/wp-json\/wp\/v2\/pages"}],"about":[{"href":"https:\/\/epixlife.com\/pt-br\/wp-json\/wp\/v2\/types\/page"}],"author":[{"embeddable":true,"href":"https:\/\/epixlife.com\/pt-br\/wp-json\/wp\/v2\/users\/2"}],"replies":[{"embeddable":true,"href":"https:\/\/epixlife.com\/pt-br\/wp-json\/wp\/v2\/comments?post=31121"}],"version-history":[{"count":4,"href":"https:\/\/epixlife.com\/pt-br\/wp-json\/wp\/v2\/pages\/31121\/revisions"}],"predecessor-version":[{"id":31125,"href":"https:\/\/epixlife.com\/pt-br\/wp-json\/wp\/v2\/pages\/31121\/revisions\/31125"}],"wp:attachment":[{"href":"https:\/\/epixlife.com\/pt-br\/wp-json\/wp\/v2\/media?parent=31121"}],"curies":[{"name":"wp","href":"https:\/\/api.w.org\/{rel}","templated":true}]}}