{"id":5080,"date":"2025-06-10T07:06:48","date_gmt":"2025-06-10T07:06:48","guid":{"rendered":"https:\/\/epixlife.com\/solicite-seu-orcamento\/"},"modified":"2026-03-10T16:37:10","modified_gmt":"2026-03-10T16:37:10","slug":"agendar-conversa","status":"publish","type":"page","link":"https:\/\/epixlife.com\/pt-br\/agendar-conversa\/","title":{"rendered":"Agendar uma conversa"},"content":{"rendered":"\t\t<div data-elementor-type=\"wp-page\" data-elementor-id=\"5080\" class=\"elementor elementor-5080 elementor-1178\" data-elementor-post-type=\"page\">\n\t\t\t\t<div class=\"elementor-element elementor-element-9e9449b e-flex e-con-boxed e-con e-parent\" data-id=\"9e9449b\" data-element_type=\"container\" data-settings=\"{&quot;background_background&quot;:&quot;gradient&quot;}\">\n\t\t\t\t\t<div class=\"e-con-inner\">\n\t\t<div class=\"elementor-element elementor-element-9b7cd87 e-con-full e-flex e-con e-child\" data-id=\"9b7cd87\" data-element_type=\"container\" data-settings=\"{&quot;background_background&quot;:&quot;classic&quot;}\">\n\t\t<div class=\"elementor-element elementor-element-d47a33a e-flex e-con-boxed e-con e-child\" data-id=\"d47a33a\" data-element_type=\"container\">\n\t\t\t\t\t<div class=\"e-con-inner\">\n\t\t\t\t<div class=\"elementor-element elementor-element-0a8bb88 elementor-widget elementor-widget-heading\" data-id=\"0a8bb88\" data-element_type=\"widget\" data-widget_type=\"heading.default\">\n\t\t\t\t<div class=\"elementor-widget-container\">\n\t\t\t\t\t<h2 class=\"elementor-heading-title elementor-size-default\">Agendar uma conversa<\/h2>\t\t\t\t<\/div>\n\t\t\t\t<\/div>\n\t\t\t\t<div class=\"elementor-element elementor-element-1ae8938 elementor-widget elementor-widget-text-editor\" data-id=\"1ae8938\" data-element_type=\"widget\" data-widget_type=\"text-editor.default\">\n\t\t\t\t<div class=\"elementor-widget-container\">\n\t\t\t\t\t\t\t\t\t<p>Preencha o formul\u00e1rio e agende uma chamada de v\u00eddeo com um de nossos consultores de vendas.<\/p>\t\t\t\t\t\t\t\t<\/div>\n\t\t\t\t<\/div>\n\t\t\t\t\t<\/div>\n\t\t\t\t<\/div>\n\t\t\t\t<\/div>\n\t\t\t\t\t<\/div>\n\t\t\t\t<\/div>\n\t\t<div class=\"elementor-element elementor-element-59f2ffb e-flex e-con-boxed e-con e-parent\" data-id=\"59f2ffb\" data-element_type=\"container\" data-settings=\"{&quot;background_background&quot;:&quot;classic&quot;}\">\n\t\t\t\t\t<div class=\"e-con-inner\">\n\t\t<div class=\"elementor-element elementor-element-0da83da e-con-full e-flex e-con e-child\" data-id=\"0da83da\" data-element_type=\"container\">\n\t\t\t\t<div class=\"elementor-element elementor-element-7c5ecca elementor-widget elementor-widget-html\" data-id=\"7c5ecca\" data-element_type=\"widget\" data-widget_type=\"html.default\">\n\t\t\t\t<div class=\"elementor-widget-container\">\n\t\t\t\t\t<script src=\"https:\/\/js-eu1.hsforms.net\/forms\/embed\/139560383.js\" defer><\/script>\n<div class=\"hs-form-frame\" data-region=\"eu1\" data-form-id=\"632c963e-68aa-4ff8-9d04-ef4addffae5b\" data-portal-id=\"139560383\"><\/div>\t\t\t\t<\/div>\n\t\t\t\t<\/div>\n\t\t\t\t<\/div>\n\t\t\t\t\t<\/div>\n\t\t\t\t<\/div>\n\t\t\t\t<\/div>\n\t\t","protected":false},"excerpt":{"rendered":"<p>Agendar uma conversa Preencha o formul\u00e1rio e agende uma chamada de v\u00eddeo com um de nossos consultores de vendas.<\/p>\n","protected":false},"author":3,"featured_media":0,"parent":0,"menu_order":0,"comment_status":"closed","ping_status":"closed","template":"","meta":{"_acf_changed":false,"footnotes":""},"class_list":["post-5080","page","type-page","status-publish","hentry"],"acf":[],"yoast_head":"<!-- This site is optimized with the Yoast SEO plugin v25.5 - https:\/\/yoast.com\/wordpress\/plugins\/seo\/ -->\n<title>Agendar uma conversa - Epixlife | Wellness Inspires Us<\/title>\n<meta name=\"description\" content=\"Solicite o seu or\u00e7amento personalizado na Epixlife: solu\u00e7\u00f5es \u00e0 medida para os seus projectos, colabora\u00e7\u00f5es e necessidades profissionais.\" \/>\n<meta name=\"robots\" content=\"index, follow, max-snippet:-1, max-image-preview:large, max-video-preview:-1\" \/>\n<link rel=\"canonical\" href=\"https:\/\/epixlife.com\/pt-br\/agendar-conversa\/\" \/>\n<meta property=\"og:locale\" content=\"pt_BR\" \/>\n<meta property=\"og:type\" content=\"article\" \/>\n<meta property=\"og:title\" content=\"Agendar uma conversa - Epixlife | Wellness Inspires Us\" \/>\n<meta property=\"og:description\" content=\"Solicite o seu or\u00e7amento personalizado na Epixlife: solu\u00e7\u00f5es \u00e0 medida para os seus projectos, colabora\u00e7\u00f5es e necessidades profissionais.\" \/>\n<meta property=\"og:url\" content=\"https:\/\/epixlife.com\/pt-br\/agendar-conversa\/\" \/>\n<meta property=\"og:site_name\" content=\"Epixlife | Wellness Inspires Us\" \/>\n<meta property=\"article:publisher\" content=\"https:\/\/www.facebook.com\/epixlife\" \/>\n<meta property=\"article:modified_time\" content=\"2026-03-10T16:37:10+00:00\" \/>\n<meta name=\"twitter:card\" content=\"summary_large_image\" \/>\n<meta name=\"twitter:label1\" content=\"Est. tempo de leitura\" \/>\n\t<meta name=\"twitter:data1\" content=\"1 minuto\" \/>\n<script type=\"application\/ld+json\" class=\"yoast-schema-graph\">{\"@context\":\"https:\/\/schema.org\",\"@graph\":[{\"@type\":\"WebPage\",\"@id\":\"https:\/\/epixlife.com\/pt-br\/agendar-conversa\/\",\"url\":\"https:\/\/epixlife.com\/pt-br\/agendar-conversa\/\",\"name\":\"Agendar uma conversa - Epixlife | Wellness Inspires Us\",\"isPartOf\":{\"@id\":\"https:\/\/epixlife.com\/pt-br\/#website\"},\"datePublished\":\"2025-06-10T07:06:48+00:00\",\"dateModified\":\"2026-03-10T16:37:10+00:00\",\"description\":\"Solicite o seu or\u00e7amento personalizado na Epixlife: solu\u00e7\u00f5es \u00e0 medida para os seus projectos, colabora\u00e7\u00f5es e necessidades profissionais.\",\"breadcrumb\":{\"@id\":\"https:\/\/epixlife.com\/pt-br\/agendar-conversa\/#breadcrumb\"},\"inLanguage\":\"pt-BR\",\"potentialAction\":[{\"@type\":\"ReadAction\",\"target\":[\"https:\/\/epixlife.com\/pt-br\/agendar-conversa\/\"]}]},{\"@type\":\"BreadcrumbList\",\"@id\":\"https:\/\/epixlife.com\/pt-br\/agendar-conversa\/#breadcrumb\",\"itemListElement\":[{\"@type\":\"ListItem\",\"position\":1,\"name\":\"Portada\",\"item\":\"https:\/\/epixlife.com\/pt-br\/\"},{\"@type\":\"ListItem\",\"position\":2,\"name\":\"Agendar uma conversa\"}]},{\"@type\":\"WebSite\",\"@id\":\"https:\/\/epixlife.com\/pt-br\/#website\",\"url\":\"https:\/\/epixlife.com\/pt-br\/\",\"name\":\"Optimiza la expresi\u00f3n g\u00e9nica y bienestar celular | Epixlife\",\"description\":\"En Epixlife ayudamos a profesionales de la salud a nivel global a integrar la bioinformaci\u00f3n en sus consultas.\",\"publisher\":{\"@id\":\"https:\/\/epixlife.com\/pt-br\/#organization\"},\"potentialAction\":[{\"@type\":\"SearchAction\",\"target\":{\"@type\":\"EntryPoint\",\"urlTemplate\":\"https:\/\/epixlife.com\/pt-br\/?s={search_term_string}\"},\"query-input\":{\"@type\":\"PropertyValueSpecification\",\"valueRequired\":true,\"valueName\":\"search_term_string\"}}],\"inLanguage\":\"pt-BR\"},{\"@type\":\"Organization\",\"@id\":\"https:\/\/epixlife.com\/pt-br\/#organization\",\"name\":\"Epixlife\",\"url\":\"https:\/\/epixlife.com\/pt-br\/\",\"logo\":{\"@type\":\"ImageObject\",\"inLanguage\":\"pt-BR\",\"@id\":\"https:\/\/epixlife.com\/pt-br\/#\/schema\/logo\/image\/\",\"url\":\"https:\/\/epixlife.com\/wp-content\/uploads\/2025\/06\/epixlife-logo.png\",\"contentUrl\":\"https:\/\/epixlife.com\/wp-content\/uploads\/2025\/06\/epixlife-logo.png\",\"width\":1694,\"height\":1240,\"caption\":\"Epixlife\"},\"image\":{\"@id\":\"https:\/\/epixlife.com\/pt-br\/#\/schema\/logo\/image\/\"},\"sameAs\":[\"https:\/\/www.facebook.com\/epixlife\"]}]}<\/script>\n<!-- \/ Yoast SEO plugin. -->","yoast_head_json":{"title":"Agendar uma conversa - Epixlife | Wellness Inspires Us","description":"Solicite o seu or\u00e7amento personalizado na Epixlife: solu\u00e7\u00f5es \u00e0 medida para os seus projectos, colabora\u00e7\u00f5es e necessidades profissionais.","robots":{"index":"index","follow":"follow","max-snippet":"max-snippet:-1","max-image-preview":"max-image-preview:large","max-video-preview":"max-video-preview:-1"},"canonical":"https:\/\/epixlife.com\/pt-br\/agendar-conversa\/","og_locale":"pt_BR","og_type":"article","og_title":"Agendar uma conversa - Epixlife | Wellness Inspires Us","og_description":"Solicite o seu or\u00e7amento personalizado na Epixlife: solu\u00e7\u00f5es \u00e0 medida para os seus projectos, colabora\u00e7\u00f5es e necessidades profissionais.","og_url":"https:\/\/epixlife.com\/pt-br\/agendar-conversa\/","og_site_name":"Epixlife | Wellness Inspires Us","article_publisher":"https:\/\/www.facebook.com\/epixlife","article_modified_time":"2026-03-10T16:37:10+00:00","twitter_card":"summary_large_image","twitter_misc":{"Est. tempo de leitura":"1 minuto"},"schema":{"@context":"https:\/\/schema.org","@graph":[{"@type":"WebPage","@id":"https:\/\/epixlife.com\/pt-br\/agendar-conversa\/","url":"https:\/\/epixlife.com\/pt-br\/agendar-conversa\/","name":"Agendar uma conversa - Epixlife | Wellness Inspires Us","isPartOf":{"@id":"https:\/\/epixlife.com\/pt-br\/#website"},"datePublished":"2025-06-10T07:06:48+00:00","dateModified":"2026-03-10T16:37:10+00:00","description":"Solicite o seu or\u00e7amento personalizado na Epixlife: solu\u00e7\u00f5es \u00e0 medida para os seus projectos, colabora\u00e7\u00f5es e necessidades profissionais.","breadcrumb":{"@id":"https:\/\/epixlife.com\/pt-br\/agendar-conversa\/#breadcrumb"},"inLanguage":"pt-BR","potentialAction":[{"@type":"ReadAction","target":["https:\/\/epixlife.com\/pt-br\/agendar-conversa\/"]}]},{"@type":"BreadcrumbList","@id":"https:\/\/epixlife.com\/pt-br\/agendar-conversa\/#breadcrumb","itemListElement":[{"@type":"ListItem","position":1,"name":"Portada","item":"https:\/\/epixlife.com\/pt-br\/"},{"@type":"ListItem","position":2,"name":"Agendar uma conversa"}]},{"@type":"WebSite","@id":"https:\/\/epixlife.com\/pt-br\/#website","url":"https:\/\/epixlife.com\/pt-br\/","name":"Optimiza la expresi\u00f3n g\u00e9nica y bienestar celular | Epixlife","description":"En Epixlife ayudamos a profesionales de la salud a nivel global a integrar la bioinformaci\u00f3n en sus consultas.","publisher":{"@id":"https:\/\/epixlife.com\/pt-br\/#organization"},"potentialAction":[{"@type":"SearchAction","target":{"@type":"EntryPoint","urlTemplate":"https:\/\/epixlife.com\/pt-br\/?s={search_term_string}"},"query-input":{"@type":"PropertyValueSpecification","valueRequired":true,"valueName":"search_term_string"}}],"inLanguage":"pt-BR"},{"@type":"Organization","@id":"https:\/\/epixlife.com\/pt-br\/#organization","name":"Epixlife","url":"https:\/\/epixlife.com\/pt-br\/","logo":{"@type":"ImageObject","inLanguage":"pt-BR","@id":"https:\/\/epixlife.com\/pt-br\/#\/schema\/logo\/image\/","url":"https:\/\/epixlife.com\/wp-content\/uploads\/2025\/06\/epixlife-logo.png","contentUrl":"https:\/\/epixlife.com\/wp-content\/uploads\/2025\/06\/epixlife-logo.png","width":1694,"height":1240,"caption":"Epixlife"},"image":{"@id":"https:\/\/epixlife.com\/pt-br\/#\/schema\/logo\/image\/"},"sameAs":["https:\/\/www.facebook.com\/epixlife"]}]}},"_links":{"self":[{"href":"https:\/\/epixlife.com\/pt-br\/wp-json\/wp\/v2\/pages\/5080","targetHints":{"allow":["GET"]}}],"collection":[{"href":"https:\/\/epixlife.com\/pt-br\/wp-json\/wp\/v2\/pages"}],"about":[{"href":"https:\/\/epixlife.com\/pt-br\/wp-json\/wp\/v2\/types\/page"}],"author":[{"embeddable":true,"href":"https:\/\/epixlife.com\/pt-br\/wp-json\/wp\/v2\/users\/3"}],"replies":[{"embeddable":true,"href":"https:\/\/epixlife.com\/pt-br\/wp-json\/wp\/v2\/comments?post=5080"}],"version-history":[{"count":17,"href":"https:\/\/epixlife.com\/pt-br\/wp-json\/wp\/v2\/pages\/5080\/revisions"}],"predecessor-version":[{"id":31233,"href":"https:\/\/epixlife.com\/pt-br\/wp-json\/wp\/v2\/pages\/5080\/revisions\/31233"}],"wp:attachment":[{"href":"https:\/\/epixlife.com\/pt-br\/wp-json\/wp\/v2\/media?parent=5080"}],"curies":[{"name":"wp","href":"https:\/\/api.w.org\/{rel}","templated":true}]}}